{"id":32057,"date":"2025-07-09T18:30:14","date_gmt":"2025-07-09T17:30:14","guid":{"rendered":"https:\/\/noval.rs\/?product=karton-za-koricenje-a4-zuti"},"modified":"2025-07-09T18:30:19","modified_gmt":"2025-07-09T17:30:19","slug":"karton-za-koricenje-a4-zuti","status":"publish","type":"product","link":"https:\/\/noval.rs\/?product=karton-za-koricenje-a4-zuti","title":{"rendered":"KARTON ZA KORI\u010cENJE A4 \u017dUTI"},"content":{"rendered":"<div class=\"wd-accordion-item\" style=\"margin: 0px;padding: 0px;border-top: 2px solid var(--brdcolor-gray-300);border-right-width: 0px;border-bottom: 1px solid var(--brdcolor-gray-300);border-left-width: 0px;vertical-align: baseline;font-family: inherit;font-style: inherit;font-weight: inherit;line-height: inherit;font-size: 14px\">\n<div class=\"entry-content woocommerce-Tabs-panel woocommerce-Tabs-panel--description wd-active panel wc-tab wd-accordion-content wd-scroll\" id=\"tab-description\" role=\"tabpanel\" aria-labelledby=\"tab-title-description\" data-accordion-index=\"description\" style=\"margin: 0px;padding-top: 0px;padding-right: 0px;padding-bottom: var(--wd-accordion-spacing);padding-left: 0px;border: 0px;vertical-align: baseline;font-family: inherit;font-style: inherit;font-weight: inherit;line-height: inherit;font-size: 14px;opacity: 1;height: auto\">\n<div class=\"wc-tab-inner wd-entry-content wd-scroll-content\" style=\"margin: 0px;padding: 0px;border: 0px;vertical-align: baseline;font-family: inherit;font-style: inherit;font-weight: inherit;line-height: inherit;font-size: 14px;overflow: visible;max-height: none !important;padding-inline-end: 0px\">\n<ul style=\"margin: 0px;padding-top: 0px;padding-right: 0px;padding-bottom: 0px;padding-left: var(--li-pl);border: 0px;vertical-align: baseline;font-family: inherit;font-style: inherit;font-weight: inherit;line-height: inherit;font-size: 14px;--list-mb: 20px;--li-mb: 10px;--li-pl: 17px\">\n<li style=\"margin-top: 0px;margin-right: 0px;margin-bottom: var(--li-mb);margin-left: 0px;padding: 0px;border: 0px;vertical-align: baseline;font-family: inherit;font-style: inherit;font-weight: inherit;line-height: inherit;font-size: 14px\"><span style=\"margin: 0px;padding: 0px;border: 0px;vertical-align: baseline;font-family: Roboto, sans-serif;font-style: normal;font-weight: 300;line-height: inherit;font-size: 16px;letter-spacing: normal;text-align: left;text-indent: 0px;text-transform: none;text-decoration: none;float: none\">Format A4 (210x297mm)<\/span><\/li>\n<li style=\"margin-top: 0px;margin-right: 0px;margin-bottom: var(--li-mb);margin-left: 0px;padding: 0px;border: 0px;vertical-align: baseline;font-family: inherit;font-style: inherit;font-weight: inherit;line-height: inherit;font-size: 14px\"><span style=\"margin: 0px;padding: 0px;border: 0px;vertical-align: baseline;font-family: Roboto, sans-serif;font-style: normal;font-weight: 300;line-height: inherit;font-size: 16px;letter-spacing: normal;text-align: left;text-indent: 0px;text-transform: none;text-decoration: none;float: none\">Visoko kvalitetan proizvod<\/span><\/li>\n<li style=\"margin-top: 0px;margin-right: 0px;margin-bottom: var(--li-mb);margin-left: 0px;padding: 0px;border: 0px;vertical-align: baseline;font-family: inherit;font-style: inherit;font-weight: inherit;line-height: inherit;font-size: 14px\"><span style=\"margin: 0px;padding: 0px;border: 0px;vertical-align: baseline;font-family: Roboto, sans-serif;font-style: normal;font-weight: 300;line-height: inherit;font-size: 16px;letter-spacing: normal;text-align: left;text-indent: 0px;text-transform: none;text-decoration: none;float: none\">Pakovanje od 100 kartona<\/span><\/li>\n<li style=\"margin-top: 0px;margin-right: 0px;margin-bottom: var(--li-mb);margin-left: 0px;padding: 0px;border: 0px;vertical-align: baseline;font-family: inherit;font-style: inherit;font-weight: inherit;line-height: inherit;font-size: 14px\"><span style=\"margin: 0px;padding: 0px;border: 0px;vertical-align: baseline;font-family: Roboto, sans-serif;font-style: normal;font-weight: 300;line-height: inherit;font-size: 16px;letter-spacing: normal;text-align: left;text-indent: 0px;text-transform: none;text-decoration: none;float: none\">Za upotrebu kao prednja ili zadnja korica<\/span><\/li>\n<li style=\"margin-top: 0px;margin-right: 0px;margin-bottom: var(--li-mb);margin-left: 0px;padding: 0px;border: 0px;vertical-align: baseline;font-family: inherit;font-style: inherit;font-weight: inherit;line-height: inherit;font-size: 14px\"><span style=\"margin: 0px;padding: 0px;border: 0px;vertical-align: baseline;font-family: Roboto, sans-serif;font-style: normal;font-weight: 300;line-height: inherit;font-size: 16px;letter-spacing: normal;text-align: left;text-indent: 0px;text-transform: none;text-decoration: none;float: none\">Za kori\u010denje u svim ma\u0161inama sa plasti\u010dnom ili \u017ei\u010danom spiralom<\/span><\/li>\n<li style=\"margin: 0px;padding: 0px;border: 0px;vertical-align: baseline;font-family: inherit;font-style: inherit;font-weight: inherit;line-height: inherit;font-size: 14px\"><span style=\"margin: 0px;padding: 0px;border: 0px;vertical-align: baseline;font-family: Roboto, sans-serif;font-style: normal;font-weight: 300;line-height: inherit;font-size: 16px;letter-spacing: normal;text-align: left;text-indent: 0px;text-transform: none;text-decoration: none;float: none\">\u0160ifra proizovoda: 5114.70<\/span><\/li>\n<\/ul>\n<\/div>\n<\/div>\n<\/div>\n<div class=\"wd-accordion-item\" style=\"margin: 0px;padding: 0px;border-top-width: 0px;border-right-width: 0px;border-bottom: 1px solid var(--brdcolor-gray-300);border-left-width: 0px;vertical-align: baseline;font-family: inherit;font-style: inherit;font-weight: inherit;line-height: inherit;font-size: 14px\">\n<div id=\"tab-item-title-reviews\" class=\"wd-accordion-title tab-title-reviews\" data-accordion-index=\"reviews\">\n<div class=\"wd-accordion-title-text\" style=\"margin: 0px;padding: 0px;border: 0px;vertical-align: baseline;font-family: inherit;font-style: inherit;font-weight: var(--wd-title-font-weight);line-height: inherit;font-size: var(--wd-accordion-font-size, 16px);align-items: center;flex: 1 1 0%;row-gap: 5px;column-gap: 5px;color: var(--wd-title-color)\"><\/div>\n<\/div>\n<\/div>\n","protected":false},"excerpt":{"rendered":"<p>Format A4 (210x297mm) Visoko kvalitetan proizvod Pakovanje od 100 kartona Za upotrebu kao prednja ili zadnja korica Za kori\u010denje u<\/p>\n","protected":false},"featured_media":32056,"comment_status":"open","ping_status":"closed","template":"","meta":{"jetpack_post_was_ever_published":false,"jetpack_publicize_message":"","jetpack_publicize_feature_enabled":true,"jetpack_social_post_already_shared":true,"jetpack_social_options":{"image_generator_settings":{"template":"highway","default_image_id":0,"font":"","enabled":false},"version":2}},"product_brand":[],"product_cat":[58,95],"product_tag":[],"class_list":{"0":"post-32057","1":"product","2":"type-product","3":"status-publish","4":"has-post-thumbnail","6":"product_cat-biro-oprema","7":"product_cat-folije-i-kartoni-za-koricenje","9":"first","10":"instock","11":"shipping-taxable","12":"purchasable","13":"product-type-simple"},"jetpack_publicize_connections":[],"jetpack_sharing_enabled":true,"_links":{"self":[{"href":"https:\/\/noval.rs\/index.php?rest_route=\/wp\/v2\/product\/32057","targetHints":{"allow":["GET"]}}],"collection":[{"href":"https:\/\/noval.rs\/index.php?rest_route=\/wp\/v2\/product"}],"about":[{"href":"https:\/\/noval.rs\/index.php?rest_route=\/wp\/v2\/types\/product"}],"replies":[{"embeddable":true,"href":"https:\/\/noval.rs\/index.php?rest_route=%2Fwp%2Fv2%2Fcomments&post=32057"}],"version-history":[{"count":0,"href":"https:\/\/noval.rs\/index.php?rest_route=\/wp\/v2\/product\/32057\/revisions"}],"wp:featuredmedia":[{"embeddable":true,"href":"https:\/\/noval.rs\/index.php?rest_route=\/wp\/v2\/media\/32056"}],"wp:attachment":[{"href":"https:\/\/noval.rs\/index.php?rest_route=%2Fwp%2Fv2%2Fmedia&parent=32057"}],"wp:term":[{"taxonomy":"product_brand","embeddable":true,"href":"https:\/\/noval.rs\/index.php?rest_route=%2Fwp%2Fv2%2Fproduct_brand&post=32057"},{"taxonomy":"product_cat","embeddable":true,"href":"https:\/\/noval.rs\/index.php?rest_route=%2Fwp%2Fv2%2Fproduct_cat&post=32057"},{"taxonomy":"product_tag","embeddable":true,"href":"https:\/\/noval.rs\/index.php?rest_route=%2Fwp%2Fv2%2Fproduct_tag&post=32057"}],"curies":[{"name":"wp","href":"https:\/\/api.w.org\/{rel}","templated":true}]}}