{"id":32050,"date":"2025-07-09T18:25:55","date_gmt":"2025-07-09T17:25:55","guid":{"rendered":"https:\/\/noval.rs\/?post_type=product&#038;p=32050"},"modified":"2025-07-09T18:26:57","modified_gmt":"2025-07-09T17:26:57","slug":"karton-za-koricenje-a4-crni","status":"publish","type":"product","link":"https:\/\/noval.rs\/?product=karton-za-koricenje-a4-crni","title":{"rendered":"KARTON ZA KORI\u010cENJE A4 CRNI"},"content":{"rendered":"<ul>\n<li style=\"margin-top: 0px;margin-right: 0px;margin-bottom: var(--li-mb);margin-left: 0px;padding: 0px;border: 0px;vertical-align: baseline;font-family: inherit;font-style: inherit;font-weight: inherit;line-height: inherit;font-size: 14px\"><span style=\"margin: 0px;padding: 0px;border: 0px;vertical-align: baseline;font-family: Roboto, sans-serif;font-style: normal;font-weight: 300;line-height: inherit;font-size: 16px;letter-spacing: normal;text-align: left;text-indent: 0px;text-transform: none;text-decoration: none;float: none\">Format A4 (210x297mm)<\/span><\/li>\n<li style=\"margin-top: 0px;margin-right: 0px;margin-bottom: var(--li-mb);margin-left: 0px;padding: 0px;border: 0px;vertical-align: baseline;font-family: inherit;font-style: inherit;font-weight: inherit;line-height: inherit;font-size: 14px\"><span style=\"margin: 0px;padding: 0px;border: 0px;vertical-align: baseline;font-family: Roboto, sans-serif;font-style: normal;font-weight: 300;line-height: inherit;font-size: 16px;letter-spacing: normal;text-align: left;text-indent: 0px;text-transform: none;text-decoration: none;float: none\">Visoko kvalitetan proizvod<\/span><\/li>\n<li style=\"margin-top: 0px;margin-right: 0px;margin-bottom: var(--li-mb);margin-left: 0px;padding: 0px;border: 0px;vertical-align: baseline;font-family: inherit;font-style: inherit;font-weight: inherit;line-height: inherit;font-size: 14px\"><span style=\"margin: 0px;padding: 0px;border: 0px;vertical-align: baseline;font-family: Roboto, sans-serif;font-style: normal;font-weight: 300;line-height: inherit;font-size: 16px;letter-spacing: normal;text-align: left;text-indent: 0px;text-transform: none;text-decoration: none;float: none\">Pakovanje od 100 kartona<\/span><\/li>\n<li style=\"margin-top: 0px;margin-right: 0px;margin-bottom: var(--li-mb);margin-left: 0px;padding: 0px;border: 0px;vertical-align: baseline;font-family: inherit;font-style: inherit;font-weight: inherit;line-height: inherit;font-size: 14px\"><span style=\"margin: 0px;padding: 0px;border: 0px;vertical-align: baseline;font-family: Roboto, sans-serif;font-style: normal;font-weight: 300;line-height: inherit;font-size: 16px;letter-spacing: normal;text-align: left;text-indent: 0px;text-transform: none;text-decoration: none;float: none\">Za upotrebu kao prednja ili zadnja korica<\/span><\/li>\n<li style=\"margin: 0px;padding: 0px;border: 0px;vertical-align: baseline;font-family: inherit;font-style: inherit;font-weight: inherit;line-height: inherit;font-size: 14px\"><span style=\"margin: 0px;padding: 0px;border: 0px;vertical-align: baseline;font-family: Roboto, sans-serif;font-style: normal;font-weight: 300;line-height: inherit;font-size: 16px;letter-spacing: normal;text-align: left;text-indent: 0px;text-transform: none;text-decoration: none;float: none\">Za kori\u010denje u svim ma\u0161inama sa plasti\u010dnom ili \u017ei\u010danom spiralom<\/span><\/li>\n<li style=\"margin: 0px;padding: 0px;border: 0px;vertical-align: baseline;font-family: inherit;font-style: inherit;font-weight: inherit;line-height: inherit;font-size: 14px\"><span style=\"margin: 0px;padding: 0px;border: 0px;vertical-align: baseline;font-family: Roboto, sans-serif;font-style: normal;font-weight: 300;line-height: inherit;font-size: 16px;letter-spacing: normal;text-align: left;text-indent: 0px;text-transform: none;text-decoration: none;float: none\">\u0160ifra proizvoda: 5114.90<\/span><\/li>\n<\/ul>\n","protected":false},"excerpt":{"rendered":"<p>Format A4 (210x297mm) Visoko kvalitetan proizvod Pakovanje od 100 kartona Za upotrebu kao prednja ili zadnja korica Za kori\u010denje u<\/p>\n","protected":false},"featured_media":32049,"comment_status":"open","ping_status":"closed","template":"","meta":{"jetpack_post_was_ever_published":false,"jetpack_publicize_message":"","jetpack_publicize_feature_enabled":true,"jetpack_social_post_already_shared":true,"jetpack_social_options":{"image_generator_settings":{"template":"highway","default_image_id":0,"font":"","enabled":false},"version":2}},"product_brand":[],"product_cat":[58,95],"product_tag":[],"class_list":{"0":"post-32050","1":"product","2":"type-product","3":"status-publish","4":"has-post-thumbnail","6":"product_cat-biro-oprema","7":"product_cat-folije-i-kartoni-za-koricenje","9":"first","10":"instock","11":"shipping-taxable","12":"purchasable","13":"product-type-simple"},"jetpack_publicize_connections":[],"jetpack_sharing_enabled":true,"_links":{"self":[{"href":"https:\/\/noval.rs\/index.php?rest_route=\/wp\/v2\/product\/32050","targetHints":{"allow":["GET"]}}],"collection":[{"href":"https:\/\/noval.rs\/index.php?rest_route=\/wp\/v2\/product"}],"about":[{"href":"https:\/\/noval.rs\/index.php?rest_route=\/wp\/v2\/types\/product"}],"replies":[{"embeddable":true,"href":"https:\/\/noval.rs\/index.php?rest_route=%2Fwp%2Fv2%2Fcomments&post=32050"}],"version-history":[{"count":2,"href":"https:\/\/noval.rs\/index.php?rest_route=\/wp\/v2\/product\/32050\/revisions"}],"predecessor-version":[{"id":32052,"href":"https:\/\/noval.rs\/index.php?rest_route=\/wp\/v2\/product\/32050\/revisions\/32052"}],"wp:featuredmedia":[{"embeddable":true,"href":"https:\/\/noval.rs\/index.php?rest_route=\/wp\/v2\/media\/32049"}],"wp:attachment":[{"href":"https:\/\/noval.rs\/index.php?rest_route=%2Fwp%2Fv2%2Fmedia&parent=32050"}],"wp:term":[{"taxonomy":"product_brand","embeddable":true,"href":"https:\/\/noval.rs\/index.php?rest_route=%2Fwp%2Fv2%2Fproduct_brand&post=32050"},{"taxonomy":"product_cat","embeddable":true,"href":"https:\/\/noval.rs\/index.php?rest_route=%2Fwp%2Fv2%2Fproduct_cat&post=32050"},{"taxonomy":"product_tag","embeddable":true,"href":"https:\/\/noval.rs\/index.php?rest_route=%2Fwp%2Fv2%2Fproduct_tag&post=32050"}],"curies":[{"name":"wp","href":"https:\/\/api.w.org\/{rel}","templated":true}]}}