{"id":31802,"date":"2025-03-18T16:00:43","date_gmt":"2025-03-18T15:00:43","guid":{"rendered":"https:\/\/noval.rs\/?post_type=product&#038;p=31802"},"modified":"2025-03-18T16:00:44","modified_gmt":"2025-03-18T15:00:44","slug":"obostrana-lepljiva-traka-48x10m-solvent","status":"publish","type":"product","link":"https:\/\/noval.rs\/?product=obostrana-lepljiva-traka-48x10m-solvent","title":{"rendered":"OBOSTRANA LEPLJIVA TRAKA 48x10M SOLVENT"},"content":{"rendered":"<ul>\n<li><span class=\"sku_wrapper\">\u0160ifra proizvoda: 100801<\/span><\/li>\n<li>Obostrano lepljiva traka<\/li>\n<li>Za \u0161iroku namenu<\/li>\n<li>\u0160irina 48 mm<\/li>\n<li>Du\u017eina 10 metara<\/li>\n<\/ul>\n","protected":false},"excerpt":{"rendered":"<p>\u0160ifra proizvoda: 100801 Obostrano lepljiva traka Za \u0161iroku namenu \u0160irina 48 mm Du\u017eina 10 metara<\/p>\n","protected":false},"featured_media":31803,"comment_status":"open","ping_status":"closed","template":"","meta":{"jetpack_post_was_ever_published":false,"jetpack_publicize_message":"","jetpack_publicize_feature_enabled":true,"jetpack_social_post_already_shared":true,"jetpack_social_options":{"image_generator_settings":{"template":"highway","default_image_id":0,"font":"","enabled":false},"version":2}},"product_brand":[],"product_cat":[61,63,124,158],"product_tag":[],"class_list":{"0":"post-31802","1":"product","2":"type-product","3":"status-publish","4":"has-post-thumbnail","6":"product_cat-oprema-za-kancelarijski-sto","7":"product_cat-pakovanje-i-slanje","8":"product_cat-selotejp","9":"product_cat-selotejp-siroki","11":"first","12":"instock","13":"shipping-taxable","14":"purchasable","15":"product-type-simple"},"jetpack_publicize_connections":[],"jetpack_sharing_enabled":true,"_links":{"self":[{"href":"https:\/\/noval.rs\/index.php?rest_route=\/wp\/v2\/product\/31802","targetHints":{"allow":["GET"]}}],"collection":[{"href":"https:\/\/noval.rs\/index.php?rest_route=\/wp\/v2\/product"}],"about":[{"href":"https:\/\/noval.rs\/index.php?rest_route=\/wp\/v2\/types\/product"}],"replies":[{"embeddable":true,"href":"https:\/\/noval.rs\/index.php?rest_route=%2Fwp%2Fv2%2Fcomments&post=31802"}],"version-history":[{"count":1,"href":"https:\/\/noval.rs\/index.php?rest_route=\/wp\/v2\/product\/31802\/revisions"}],"predecessor-version":[{"id":31804,"href":"https:\/\/noval.rs\/index.php?rest_route=\/wp\/v2\/product\/31802\/revisions\/31804"}],"wp:featuredmedia":[{"embeddable":true,"href":"https:\/\/noval.rs\/index.php?rest_route=\/wp\/v2\/media\/31803"}],"wp:attachment":[{"href":"https:\/\/noval.rs\/index.php?rest_route=%2Fwp%2Fv2%2Fmedia&parent=31802"}],"wp:term":[{"taxonomy":"product_brand","embeddable":true,"href":"https:\/\/noval.rs\/index.php?rest_route=%2Fwp%2Fv2%2Fproduct_brand&post=31802"},{"taxonomy":"product_cat","embeddable":true,"href":"https:\/\/noval.rs\/index.php?rest_route=%2Fwp%2Fv2%2Fproduct_cat&post=31802"},{"taxonomy":"product_tag","embeddable":true,"href":"https:\/\/noval.rs\/index.php?rest_route=%2Fwp%2Fv2%2Fproduct_tag&post=31802"}],"curies":[{"name":"wp","href":"https:\/\/api.w.org\/{rel}","templated":true}]}}