{"id":31797,"date":"2025-03-18T15:58:28","date_gmt":"2025-03-18T14:58:28","guid":{"rendered":"https:\/\/noval.rs\/?post_type=product&#038;p=31797"},"modified":"2025-03-18T15:58:29","modified_gmt":"2025-03-18T14:58:29","slug":"obostrana-lepljiva-traka-48mm-x-10m-akril","status":"publish","type":"product","link":"https:\/\/noval.rs\/?product=obostrana-lepljiva-traka-48mm-x-10m-akril","title":{"rendered":"OBOSTRANA LEPLJIVA TRAKA 48MM X 10M akril"},"content":{"rendered":"<ul>\n<li><span class=\"sku_wrapper\">\u0160ifra proizvoda: 100800<\/span><\/li>\n<li>Obostrano lepljiva traka<\/li>\n<li>Za \u0161iroku namenu<\/li>\n<li>\u0160irina 48 mm<\/li>\n<li>Du\u017eina 10 metara<\/li>\n<\/ul>\n","protected":false},"excerpt":{"rendered":"<p>\u0160ifra proizvoda: 100800 Obostrano lepljiva traka Za \u0161iroku namenu \u0160irina 48 mm Du\u017eina 10 metara<\/p>\n","protected":false},"featured_media":31798,"comment_status":"open","ping_status":"closed","template":"","meta":{"jetpack_post_was_ever_published":false,"jetpack_publicize_message":"","jetpack_publicize_feature_enabled":true,"jetpack_social_post_already_shared":true,"jetpack_social_options":{"image_generator_settings":{"template":"highway","default_image_id":0,"font":"","enabled":false},"version":2}},"product_brand":[],"product_cat":[61,63,124,158],"product_tag":[],"class_list":{"0":"post-31797","1":"product","2":"type-product","3":"status-publish","4":"has-post-thumbnail","6":"product_cat-oprema-za-kancelarijski-sto","7":"product_cat-pakovanje-i-slanje","8":"product_cat-selotejp","9":"product_cat-selotejp-siroki","11":"first","12":"instock","13":"shipping-taxable","14":"purchasable","15":"product-type-simple"},"jetpack_publicize_connections":[],"jetpack_sharing_enabled":true,"_links":{"self":[{"href":"https:\/\/noval.rs\/index.php?rest_route=\/wp\/v2\/product\/31797","targetHints":{"allow":["GET"]}}],"collection":[{"href":"https:\/\/noval.rs\/index.php?rest_route=\/wp\/v2\/product"}],"about":[{"href":"https:\/\/noval.rs\/index.php?rest_route=\/wp\/v2\/types\/product"}],"replies":[{"embeddable":true,"href":"https:\/\/noval.rs\/index.php?rest_route=%2Fwp%2Fv2%2Fcomments&post=31797"}],"version-history":[{"count":1,"href":"https:\/\/noval.rs\/index.php?rest_route=\/wp\/v2\/product\/31797\/revisions"}],"predecessor-version":[{"id":31799,"href":"https:\/\/noval.rs\/index.php?rest_route=\/wp\/v2\/product\/31797\/revisions\/31799"}],"wp:featuredmedia":[{"embeddable":true,"href":"https:\/\/noval.rs\/index.php?rest_route=\/wp\/v2\/media\/31798"}],"wp:attachment":[{"href":"https:\/\/noval.rs\/index.php?rest_route=%2Fwp%2Fv2%2Fmedia&parent=31797"}],"wp:term":[{"taxonomy":"product_brand","embeddable":true,"href":"https:\/\/noval.rs\/index.php?rest_route=%2Fwp%2Fv2%2Fproduct_brand&post=31797"},{"taxonomy":"product_cat","embeddable":true,"href":"https:\/\/noval.rs\/index.php?rest_route=%2Fwp%2Fv2%2Fproduct_cat&post=31797"},{"taxonomy":"product_tag","embeddable":true,"href":"https:\/\/noval.rs\/index.php?rest_route=%2Fwp%2Fv2%2Fproduct_tag&post=31797"}],"curies":[{"name":"wp","href":"https:\/\/api.w.org\/{rel}","templated":true}]}}