{"id":31758,"date":"2025-03-12T20:11:49","date_gmt":"2025-03-12T19:11:49","guid":{"rendered":"https:\/\/noval.rs\/?post_type=product&#038;p=31758"},"modified":"2025-03-12T20:18:19","modified_gmt":"2025-03-12T19:18:19","slug":"termo-rolna-80-80m","status":"publish","type":"product","link":"https:\/\/noval.rs\/?product=termo-rolna-80-80m","title":{"rendered":"TERMO ROLNA 80\/80M"},"content":{"rendered":"<ul>\n<li><strong><span class=\"sku_wrapper\">\u0160ifra proizvoda: 4076<\/span><\/strong><\/li>\n<li><strong>Proizvedena od vrhunskog termo papira svodi na minimum pra\u0161enje termalnog \u0161tampa\u010da i fiskalne kase<\/strong><\/li>\n<li><strong>Od termo papira najpriznatijih svetskih proizvo\u0111a\u010da vrhunskih karakteristika<\/strong><\/li>\n<li><strong>Obele\u017een kraj rolne<\/strong><\/li>\n<li><strong>Vakum pakovanje od 3 rolne, u transportnoj kutiji 45 komada<\/strong><\/li>\n<\/ul>\n","protected":false},"excerpt":{"rendered":"<p>\u0160ifra proizvoda: 4076 Proizvedena od vrhunskog termo papira svodi na minimum pra\u0161enje termalnog \u0161tampa\u010da i fiskalne kase Od termo papira<\/p>\n","protected":false},"featured_media":31756,"comment_status":"open","ping_status":"closed","template":"","meta":{"jetpack_post_was_ever_published":false,"jetpack_publicize_message":"","jetpack_publicize_feature_enabled":true,"jetpack_social_post_already_shared":true,"jetpack_social_options":{"image_generator_settings":{"template":"highway","default_image_id":0,"font":"","enabled":false},"version":2}},"product_brand":[],"product_cat":[78,55],"product_tag":[],"class_list":{"0":"post-31758","1":"product","2":"type-product","3":"status-publish","4":"has-post-thumbnail","6":"product_cat-ading-i-termo-rolne","7":"product_cat-papirni-proizvodi","9":"first","10":"instock","11":"shipping-taxable","12":"purchasable","13":"product-type-simple"},"jetpack_publicize_connections":[],"jetpack_sharing_enabled":true,"_links":{"self":[{"href":"https:\/\/noval.rs\/index.php?rest_route=\/wp\/v2\/product\/31758","targetHints":{"allow":["GET"]}}],"collection":[{"href":"https:\/\/noval.rs\/index.php?rest_route=\/wp\/v2\/product"}],"about":[{"href":"https:\/\/noval.rs\/index.php?rest_route=\/wp\/v2\/types\/product"}],"replies":[{"embeddable":true,"href":"https:\/\/noval.rs\/index.php?rest_route=%2Fwp%2Fv2%2Fcomments&post=31758"}],"version-history":[{"count":2,"href":"https:\/\/noval.rs\/index.php?rest_route=\/wp\/v2\/product\/31758\/revisions"}],"predecessor-version":[{"id":31760,"href":"https:\/\/noval.rs\/index.php?rest_route=\/wp\/v2\/product\/31758\/revisions\/31760"}],"wp:featuredmedia":[{"embeddable":true,"href":"https:\/\/noval.rs\/index.php?rest_route=\/wp\/v2\/media\/31756"}],"wp:attachment":[{"href":"https:\/\/noval.rs\/index.php?rest_route=%2Fwp%2Fv2%2Fmedia&parent=31758"}],"wp:term":[{"taxonomy":"product_brand","embeddable":true,"href":"https:\/\/noval.rs\/index.php?rest_route=%2Fwp%2Fv2%2Fproduct_brand&post=31758"},{"taxonomy":"product_cat","embeddable":true,"href":"https:\/\/noval.rs\/index.php?rest_route=%2Fwp%2Fv2%2Fproduct_cat&post=31758"},{"taxonomy":"product_tag","embeddable":true,"href":"https:\/\/noval.rs\/index.php?rest_route=%2Fwp%2Fv2%2Fproduct_tag&post=31758"}],"curies":[{"name":"wp","href":"https:\/\/api.w.org\/{rel}","templated":true}]}}