{"id":31743,"date":"2025-03-12T19:53:28","date_gmt":"2025-03-12T18:53:28","guid":{"rendered":"https:\/\/noval.rs\/?post_type=product&#038;p=31743"},"modified":"2025-03-12T19:53:28","modified_gmt":"2025-03-12T18:53:28","slug":"tempera-red-apple-25ml-1-6","status":"publish","type":"product","link":"https:\/\/noval.rs\/?product=tempera-red-apple-25ml-1-6","title":{"rendered":"TEMPERA RED APPLE 25ML 1\/6"},"content":{"rendered":"<ul>\n<li><strong>\u0160ifra: 11184<\/strong><\/li>\n<li><strong>Tempere u \u010da\u0161ici 25 ml<\/strong><\/li>\n<li><strong>6 boja<\/strong><\/li>\n<li><strong>intenzivne boje<\/strong><\/li>\n<li><strong>netoksi\u010dne<\/strong><\/li>\n<li><strong>Uvoznik: NOVAL OFFICE<\/strong><\/li>\n<\/ul>\n","protected":false},"excerpt":{"rendered":"<p>\u0160ifra: 11184 Tempere u \u010da\u0161ici 25 ml 6 boja intenzivne boje netoksi\u010dne Uvoznik: NOVAL OFFICE<\/p>\n","protected":false},"featured_media":31744,"comment_status":"open","ping_status":"closed","template":"","meta":{"jetpack_post_was_ever_published":false,"jetpack_publicize_message":"","jetpack_publicize_feature_enabled":true,"jetpack_social_post_already_shared":true,"jetpack_social_options":{"image_generator_settings":{"template":"highway","default_image_id":0,"font":"","enabled":false},"version":2}},"product_brand":[],"product_cat":[164,245],"product_tag":[],"class_list":{"0":"post-31743","1":"product","2":"type-product","3":"status-publish","4":"has-post-thumbnail","6":"product_cat-pribor-za-crtanje-i-pisanje","7":"product_cat-tempere","9":"first","10":"instock","11":"shipping-taxable","12":"purchasable","13":"product-type-simple"},"jetpack_publicize_connections":[],"jetpack_sharing_enabled":true,"_links":{"self":[{"href":"https:\/\/noval.rs\/index.php?rest_route=\/wp\/v2\/product\/31743","targetHints":{"allow":["GET"]}}],"collection":[{"href":"https:\/\/noval.rs\/index.php?rest_route=\/wp\/v2\/product"}],"about":[{"href":"https:\/\/noval.rs\/index.php?rest_route=\/wp\/v2\/types\/product"}],"replies":[{"embeddable":true,"href":"https:\/\/noval.rs\/index.php?rest_route=%2Fwp%2Fv2%2Fcomments&post=31743"}],"version-history":[{"count":1,"href":"https:\/\/noval.rs\/index.php?rest_route=\/wp\/v2\/product\/31743\/revisions"}],"predecessor-version":[{"id":31745,"href":"https:\/\/noval.rs\/index.php?rest_route=\/wp\/v2\/product\/31743\/revisions\/31745"}],"wp:featuredmedia":[{"embeddable":true,"href":"https:\/\/noval.rs\/index.php?rest_route=\/wp\/v2\/media\/31744"}],"wp:attachment":[{"href":"https:\/\/noval.rs\/index.php?rest_route=%2Fwp%2Fv2%2Fmedia&parent=31743"}],"wp:term":[{"taxonomy":"product_brand","embeddable":true,"href":"https:\/\/noval.rs\/index.php?rest_route=%2Fwp%2Fv2%2Fproduct_brand&post=31743"},{"taxonomy":"product_cat","embeddable":true,"href":"https:\/\/noval.rs\/index.php?rest_route=%2Fwp%2Fv2%2Fproduct_cat&post=31743"},{"taxonomy":"product_tag","embeddable":true,"href":"https:\/\/noval.rs\/index.php?rest_route=%2Fwp%2Fv2%2Fproduct_tag&post=31743"}],"curies":[{"name":"wp","href":"https:\/\/api.w.org\/{rel}","templated":true}]}}