{"id":31584,"date":"2025-03-05T01:11:32","date_gmt":"2025-03-05T00:11:32","guid":{"rendered":"https:\/\/noval.rs\/?post_type=product&#038;p=31584"},"modified":"2025-03-05T01:11:32","modified_gmt":"2025-03-05T00:11:32","slug":"spirala-51mm-1-50","status":"publish","type":"product","link":"https:\/\/noval.rs\/?product=spirala-51mm-1-50","title":{"rendered":"SPIRALA 51MM 1\/50"},"content":{"rendered":"<ul>\n<li><span class=\"sku_wrapper\">\u0160ifra proizvoda: 101015<\/span><\/li>\n<li>Pre\u010dnik spirale 51mm<\/li>\n<li>Kapacitet kori\u010denja do 450 listova<\/li>\n<li>Materijal PVC<\/li>\n<li>Za format A4<\/li>\n<li>21 prsten<\/li>\n<li>Pakovanje 50 kom<\/li>\n<li>Dostupno u crnoj i beloj boji<\/li>\n<\/ul>\n","protected":false},"excerpt":{"rendered":"<p>\u0160ifra proizvoda: 101015 Pre\u010dnik spirale 51mm Kapacitet kori\u010denja do 450 listova Materijal PVC Za format A4 21 prsten Pakovanje 50<\/p>\n","protected":false},"featured_media":31542,"comment_status":"open","ping_status":"closed","template":"","meta":{"jetpack_post_was_ever_published":false,"jetpack_publicize_message":"","jetpack_publicize_feature_enabled":true,"jetpack_social_post_already_shared":true,"jetpack_social_options":{"image_generator_settings":{"template":"highway","default_image_id":0,"font":"","enabled":false},"version":2}},"product_brand":[],"product_cat":[58,98],"product_tag":[],"class_list":{"0":"post-31584","1":"product","2":"type-product","3":"status-publish","4":"has-post-thumbnail","6":"product_cat-biro-oprema","7":"product_cat-spirale-za-koricenje","9":"first","10":"instock","11":"shipping-taxable","12":"purchasable","13":"product-type-simple"},"jetpack_publicize_connections":[],"jetpack_sharing_enabled":true,"_links":{"self":[{"href":"https:\/\/noval.rs\/index.php?rest_route=\/wp\/v2\/product\/31584","targetHints":{"allow":["GET"]}}],"collection":[{"href":"https:\/\/noval.rs\/index.php?rest_route=\/wp\/v2\/product"}],"about":[{"href":"https:\/\/noval.rs\/index.php?rest_route=\/wp\/v2\/types\/product"}],"replies":[{"embeddable":true,"href":"https:\/\/noval.rs\/index.php?rest_route=%2Fwp%2Fv2%2Fcomments&post=31584"}],"version-history":[{"count":1,"href":"https:\/\/noval.rs\/index.php?rest_route=\/wp\/v2\/product\/31584\/revisions"}],"predecessor-version":[{"id":31585,"href":"https:\/\/noval.rs\/index.php?rest_route=\/wp\/v2\/product\/31584\/revisions\/31585"}],"wp:featuredmedia":[{"embeddable":true,"href":"https:\/\/noval.rs\/index.php?rest_route=\/wp\/v2\/media\/31542"}],"wp:attachment":[{"href":"https:\/\/noval.rs\/index.php?rest_route=%2Fwp%2Fv2%2Fmedia&parent=31584"}],"wp:term":[{"taxonomy":"product_brand","embeddable":true,"href":"https:\/\/noval.rs\/index.php?rest_route=%2Fwp%2Fv2%2Fproduct_brand&post=31584"},{"taxonomy":"product_cat","embeddable":true,"href":"https:\/\/noval.rs\/index.php?rest_route=%2Fwp%2Fv2%2Fproduct_cat&post=31584"},{"taxonomy":"product_tag","embeddable":true,"href":"https:\/\/noval.rs\/index.php?rest_route=%2Fwp%2Fv2%2Fproduct_tag&post=31584"}],"curies":[{"name":"wp","href":"https:\/\/api.w.org\/{rel}","templated":true}]}}