{"id":31552,"date":"2025-03-05T00:36:35","date_gmt":"2025-03-04T23:36:35","guid":{"rendered":"https:\/\/noval.rs\/?post_type=product&#038;p=31552"},"modified":"2025-03-05T00:36:36","modified_gmt":"2025-03-04T23:36:36","slug":"spirala-12mm-1-100","status":"publish","type":"product","link":"https:\/\/noval.rs\/?product=spirala-12mm-1-100","title":{"rendered":"SPIRALA 12MM 1\/100"},"content":{"rendered":"<ul>\n<li><span class=\"sku_wrapper\">\u0160ifra proizvoda: 211221<\/span><\/li>\n<li>Pre\u010dnik spirale 12mm<\/li>\n<li>Kapacitet kori\u010denja do 100 listova<\/li>\n<li>Materijal PVC<\/li>\n<li>Za format A4<\/li>\n<li>21 prsten<\/li>\n<li>Pakovanje 100 kom<\/li>\n<li>Dostupno u crnoj i beloj boji<\/li>\n<\/ul>\n","protected":false},"excerpt":{"rendered":"<p>\u0160ifra proizvoda: 211221 Pre\u010dnik spirale 12mm Kapacitet kori\u010denja do 100 listova Materijal PVC Za format A4 21 prsten Pakovanje 100<\/p>\n","protected":false},"featured_media":31542,"comment_status":"open","ping_status":"closed","template":"","meta":{"jetpack_post_was_ever_published":false,"jetpack_publicize_message":"","jetpack_publicize_feature_enabled":true,"jetpack_social_post_already_shared":true,"jetpack_social_options":{"image_generator_settings":{"template":"highway","default_image_id":0,"font":"","enabled":false},"version":2}},"product_brand":[],"product_cat":[58,98],"product_tag":[],"class_list":{"0":"post-31552","1":"product","2":"type-product","3":"status-publish","4":"has-post-thumbnail","6":"product_cat-biro-oprema","7":"product_cat-spirale-za-koricenje","9":"first","10":"instock","11":"shipping-taxable","12":"purchasable","13":"product-type-simple"},"jetpack_publicize_connections":[],"jetpack_sharing_enabled":true,"_links":{"self":[{"href":"https:\/\/noval.rs\/index.php?rest_route=\/wp\/v2\/product\/31552","targetHints":{"allow":["GET"]}}],"collection":[{"href":"https:\/\/noval.rs\/index.php?rest_route=\/wp\/v2\/product"}],"about":[{"href":"https:\/\/noval.rs\/index.php?rest_route=\/wp\/v2\/types\/product"}],"replies":[{"embeddable":true,"href":"https:\/\/noval.rs\/index.php?rest_route=%2Fwp%2Fv2%2Fcomments&post=31552"}],"version-history":[{"count":1,"href":"https:\/\/noval.rs\/index.php?rest_route=\/wp\/v2\/product\/31552\/revisions"}],"predecessor-version":[{"id":31553,"href":"https:\/\/noval.rs\/index.php?rest_route=\/wp\/v2\/product\/31552\/revisions\/31553"}],"wp:featuredmedia":[{"embeddable":true,"href":"https:\/\/noval.rs\/index.php?rest_route=\/wp\/v2\/media\/31542"}],"wp:attachment":[{"href":"https:\/\/noval.rs\/index.php?rest_route=%2Fwp%2Fv2%2Fmedia&parent=31552"}],"wp:term":[{"taxonomy":"product_brand","embeddable":true,"href":"https:\/\/noval.rs\/index.php?rest_route=%2Fwp%2Fv2%2Fproduct_brand&post=31552"},{"taxonomy":"product_cat","embeddable":true,"href":"https:\/\/noval.rs\/index.php?rest_route=%2Fwp%2Fv2%2Fproduct_cat&post=31552"},{"taxonomy":"product_tag","embeddable":true,"href":"https:\/\/noval.rs\/index.php?rest_route=%2Fwp%2Fv2%2Fproduct_tag&post=31552"}],"curies":[{"name":"wp","href":"https:\/\/api.w.org\/{rel}","templated":true}]}}