{"id":31514,"date":"2025-03-04T23:30:45","date_gmt":"2025-03-04T22:30:45","guid":{"rendered":"https:\/\/noval.rs\/?post_type=product&#038;p=31514"},"modified":"2025-03-04T23:30:45","modified_gmt":"2025-03-04T22:30:45","slug":"skalpel-pvc-18mm","status":"publish","type":"product","link":"https:\/\/noval.rs\/?product=skalpel-pvc-18mm","title":{"rendered":"SKALPEL PVC 18MM"},"content":{"rendered":"<ul>\n<li><span class=\"sku_wrapper\">\u0160ifra proizvoda: 404275<\/span><\/li>\n<li>Standardni skalpel<\/li>\n<li>Rukohvat izradjen od plastike<\/li>\n<li>Izuzetno laka zamena dotrajalog no\u017ei\u0107a<\/li>\n<li>\u0160irina no\u017ea 18mm<\/li>\n<li>U raznim bojama<\/li>\n<\/ul>\n","protected":false},"excerpt":{"rendered":"<p>\u0160ifra proizvoda: 404275 Standardni skalpel Rukohvat izradjen od plastike Izuzetno laka zamena dotrajalog no\u017ei\u0107a \u0160irina no\u017ea 18mm U raznim bojama<\/p>\n","protected":false},"featured_media":31515,"comment_status":"open","ping_status":"closed","template":"","meta":{"jetpack_post_was_ever_published":false,"jetpack_publicize_message":"","jetpack_publicize_feature_enabled":true,"jetpack_social_post_already_shared":true,"jetpack_social_options":{"image_generator_settings":{"template":"highway","default_image_id":0,"font":"","enabled":false},"version":2}},"product_brand":[],"product_cat":[61,128],"product_tag":[],"class_list":{"0":"post-31514","1":"product","2":"type-product","3":"status-publish","4":"has-post-thumbnail","6":"product_cat-oprema-za-kancelarijski-sto","7":"product_cat-skalpeli","9":"first","10":"instock","11":"shipping-taxable","12":"purchasable","13":"product-type-simple"},"jetpack_publicize_connections":[],"jetpack_sharing_enabled":true,"_links":{"self":[{"href":"https:\/\/noval.rs\/index.php?rest_route=\/wp\/v2\/product\/31514","targetHints":{"allow":["GET"]}}],"collection":[{"href":"https:\/\/noval.rs\/index.php?rest_route=\/wp\/v2\/product"}],"about":[{"href":"https:\/\/noval.rs\/index.php?rest_route=\/wp\/v2\/types\/product"}],"replies":[{"embeddable":true,"href":"https:\/\/noval.rs\/index.php?rest_route=%2Fwp%2Fv2%2Fcomments&post=31514"}],"version-history":[{"count":2,"href":"https:\/\/noval.rs\/index.php?rest_route=\/wp\/v2\/product\/31514\/revisions"}],"predecessor-version":[{"id":31520,"href":"https:\/\/noval.rs\/index.php?rest_route=\/wp\/v2\/product\/31514\/revisions\/31520"}],"wp:featuredmedia":[{"embeddable":true,"href":"https:\/\/noval.rs\/index.php?rest_route=\/wp\/v2\/media\/31515"}],"wp:attachment":[{"href":"https:\/\/noval.rs\/index.php?rest_route=%2Fwp%2Fv2%2Fmedia&parent=31514"}],"wp:term":[{"taxonomy":"product_brand","embeddable":true,"href":"https:\/\/noval.rs\/index.php?rest_route=%2Fwp%2Fv2%2Fproduct_brand&post=31514"},{"taxonomy":"product_cat","embeddable":true,"href":"https:\/\/noval.rs\/index.php?rest_route=%2Fwp%2Fv2%2Fproduct_cat&post=31514"},{"taxonomy":"product_tag","embeddable":true,"href":"https:\/\/noval.rs\/index.php?rest_route=%2Fwp%2Fv2%2Fproduct_tag&post=31514"}],"curies":[{"name":"wp","href":"https:\/\/api.w.org\/{rel}","templated":true}]}}