{"id":31502,"date":"2025-03-04T23:17:05","date_gmt":"2025-03-04T22:17:05","guid":{"rendered":"https:\/\/noval.rs\/?post_type=product&#038;p=31502"},"modified":"2025-03-04T23:17:06","modified_gmt":"2025-03-04T22:17:06","slug":"film-index-pravougaonik-5-boja","status":"publish","type":"product","link":"https:\/\/noval.rs\/?product=film-index-pravougaonik-5-boja","title":{"rendered":"FILM INDEX PRAVOUGAONIK 5 BOJA"},"content":{"rendered":"<ul>\n<li><span class=\"sku_wrapper\">\u0160ifra proizvoda: 100333<\/span><\/li>\n<li>Samolepljivi film index u obliku pravougaonika<\/li>\n<li>Dimenzije 12x45mm<\/li>\n<li>U pakovanju 5\u00d725 listi\u0107a<\/li>\n<li>Mix pet boja<\/li>\n<li>Mogu se lepiti na razli\u010dite povr\u0161ine<\/li>\n<\/ul>\n","protected":false},"excerpt":{"rendered":"<p>\u0160ifra proizvoda: 100333 Samolepljivi film index u obliku pravougaonika Dimenzije 12x45mm U pakovanju 5\u00d725 listi\u0107a Mix pet boja Mogu se<\/p>\n","protected":false},"featured_media":31503,"comment_status":"open","ping_status":"closed","template":"","meta":{"jetpack_post_was_ever_published":false,"jetpack_publicize_message":"","jetpack_publicize_feature_enabled":true,"jetpack_social_post_already_shared":true,"jetpack_social_options":{"image_generator_settings":{"template":"highway","default_image_id":0,"font":"","enabled":false},"version":2}},"product_brand":[],"product_cat":[61,130],"product_tag":[],"class_list":{"0":"post-31502","1":"product","2":"type-product","3":"status-publish","4":"has-post-thumbnail","6":"product_cat-oprema-za-kancelarijski-sto","7":"product_cat-samolepljivi-blokovi-stikeri","9":"first","10":"instock","11":"shipping-taxable","12":"purchasable","13":"product-type-simple"},"jetpack_publicize_connections":[],"jetpack_sharing_enabled":true,"_links":{"self":[{"href":"https:\/\/noval.rs\/index.php?rest_route=\/wp\/v2\/product\/31502","targetHints":{"allow":["GET"]}}],"collection":[{"href":"https:\/\/noval.rs\/index.php?rest_route=\/wp\/v2\/product"}],"about":[{"href":"https:\/\/noval.rs\/index.php?rest_route=\/wp\/v2\/types\/product"}],"replies":[{"embeddable":true,"href":"https:\/\/noval.rs\/index.php?rest_route=%2Fwp%2Fv2%2Fcomments&post=31502"}],"version-history":[{"count":1,"href":"https:\/\/noval.rs\/index.php?rest_route=\/wp\/v2\/product\/31502\/revisions"}],"predecessor-version":[{"id":31504,"href":"https:\/\/noval.rs\/index.php?rest_route=\/wp\/v2\/product\/31502\/revisions\/31504"}],"wp:featuredmedia":[{"embeddable":true,"href":"https:\/\/noval.rs\/index.php?rest_route=\/wp\/v2\/media\/31503"}],"wp:attachment":[{"href":"https:\/\/noval.rs\/index.php?rest_route=%2Fwp%2Fv2%2Fmedia&parent=31502"}],"wp:term":[{"taxonomy":"product_brand","embeddable":true,"href":"https:\/\/noval.rs\/index.php?rest_route=%2Fwp%2Fv2%2Fproduct_brand&post=31502"},{"taxonomy":"product_cat","embeddable":true,"href":"https:\/\/noval.rs\/index.php?rest_route=%2Fwp%2Fv2%2Fproduct_cat&post=31502"},{"taxonomy":"product_tag","embeddable":true,"href":"https:\/\/noval.rs\/index.php?rest_route=%2Fwp%2Fv2%2Fproduct_tag&post=31502"}],"curies":[{"name":"wp","href":"https:\/\/api.w.org\/{rel}","templated":true}]}}