{"id":31086,"date":"2024-12-23T22:18:50","date_gmt":"2024-12-23T21:18:50","guid":{"rendered":"https:\/\/noval.rs\/?post_type=product&#038;p=31086"},"modified":"2024-12-23T22:18:50","modified_gmt":"2024-12-23T21:18:50","slug":"nozevi-za-skalpel-18mm","status":"publish","type":"product","link":"https:\/\/noval.rs\/?product=nozevi-za-skalpel-18mm","title":{"rendered":"NO\u017dEVI ZA SKALPEL 18MM"},"content":{"rendered":"<ul>\n<li>\u0160ifra; 60078<\/li>\n<li>\u0160irina no\u017ea 18mm<\/li>\n<li>Pakovanje je od 10 no\u017eeva<\/li>\n<\/ul>\n","protected":false},"excerpt":{"rendered":"<p>\u0160ifra; 60078 \u0160irina no\u017ea 18mm Pakovanje je od 10 no\u017eeva<\/p>\n","protected":false},"featured_media":31087,"comment_status":"open","ping_status":"closed","template":"","meta":{"jetpack_post_was_ever_published":false,"jetpack_publicize_message":"","jetpack_publicize_feature_enabled":true,"jetpack_social_post_already_shared":false,"jetpack_social_options":{"image_generator_settings":{"template":"highway","default_image_id":0,"font":"","enabled":false},"version":2}},"product_brand":[],"product_cat":[61,128],"product_tag":[],"class_list":{"0":"post-31086","1":"product","2":"type-product","3":"status-publish","4":"has-post-thumbnail","6":"product_cat-oprema-za-kancelarijski-sto","7":"product_cat-skalpeli","9":"first","10":"instock","11":"shipping-taxable","12":"purchasable","13":"product-type-simple"},"jetpack_publicize_connections":[],"jetpack_sharing_enabled":true,"_links":{"self":[{"href":"https:\/\/noval.rs\/index.php?rest_route=\/wp\/v2\/product\/31086","targetHints":{"allow":["GET"]}}],"collection":[{"href":"https:\/\/noval.rs\/index.php?rest_route=\/wp\/v2\/product"}],"about":[{"href":"https:\/\/noval.rs\/index.php?rest_route=\/wp\/v2\/types\/product"}],"replies":[{"embeddable":true,"href":"https:\/\/noval.rs\/index.php?rest_route=%2Fwp%2Fv2%2Fcomments&post=31086"}],"version-history":[{"count":1,"href":"https:\/\/noval.rs\/index.php?rest_route=\/wp\/v2\/product\/31086\/revisions"}],"predecessor-version":[{"id":31088,"href":"https:\/\/noval.rs\/index.php?rest_route=\/wp\/v2\/product\/31086\/revisions\/31088"}],"wp:featuredmedia":[{"embeddable":true,"href":"https:\/\/noval.rs\/index.php?rest_route=\/wp\/v2\/media\/31087"}],"wp:attachment":[{"href":"https:\/\/noval.rs\/index.php?rest_route=%2Fwp%2Fv2%2Fmedia&parent=31086"}],"wp:term":[{"taxonomy":"product_brand","embeddable":true,"href":"https:\/\/noval.rs\/index.php?rest_route=%2Fwp%2Fv2%2Fproduct_brand&post=31086"},{"taxonomy":"product_cat","embeddable":true,"href":"https:\/\/noval.rs\/index.php?rest_route=%2Fwp%2Fv2%2Fproduct_cat&post=31086"},{"taxonomy":"product_tag","embeddable":true,"href":"https:\/\/noval.rs\/index.php?rest_route=%2Fwp%2Fv2%2Fproduct_tag&post=31086"}],"curies":[{"name":"wp","href":"https:\/\/api.w.org\/{rel}","templated":true}]}}