{"id":30934,"date":"2024-12-08T16:45:41","date_gmt":"2024-12-08T15:45:41","guid":{"rendered":"https:\/\/noval.rs\/?post_type=product&#038;p=30934"},"modified":"2024-12-08T16:45:41","modified_gmt":"2024-12-08T15:45:41","slug":"centropen-permanent-marker-8576-crni","status":"publish","type":"product","link":"https:\/\/noval.rs\/?product=centropen-permanent-marker-8576-crni","title":{"rendered":"CENTROPEN PERMANENT MARKER 8576 CRNI"},"content":{"rendered":"<ul>\n<li>\u0160ifra: UBACITI<\/li>\n<li>Vodootporni (permanentni) marker<\/li>\n<li>Za ve\u0107i broj povr\u0161ina<\/li>\n<li>Pogodan za pisanje po: papiru, filmu, plastici, gumi, metalu, drvetu, staklu, porcelanu, betonu, kamenu.<\/li>\n<li>Otporan na vodu<\/li>\n<li>Mastilo na bazi alkohola<\/li>\n<li>Kosi vrh<\/li>\n<li>\u0160irina pisanja: 1-4.6 mm<\/li>\n<\/ul>\n","protected":false},"excerpt":{"rendered":"<p>\u0160ifra: UBACITI Vodootporni (permanentni) marker Za ve\u0107i broj povr\u0161ina Pogodan za pisanje po: papiru, filmu, plastici, gumi, metalu, drvetu, staklu,<\/p>\n","protected":false},"featured_media":30935,"comment_status":"open","ping_status":"closed","template":"","meta":{"jetpack_post_was_ever_published":false,"jetpack_publicize_message":"","jetpack_publicize_feature_enabled":true,"jetpack_social_post_already_shared":false,"jetpack_social_options":{"image_generator_settings":{"template":"highway","default_image_id":0,"font":"","enabled":false},"version":2}},"product_brand":[],"product_cat":[108,60],"product_tag":[],"class_list":{"0":"post-30934","1":"product","2":"type-product","3":"status-publish","4":"has-post-thumbnail","6":"product_cat-markeri","7":"product_cat-pribor-za-pisanje","9":"first","10":"instock","11":"shipping-taxable","12":"purchasable","13":"product-type-simple"},"jetpack_publicize_connections":[],"jetpack_sharing_enabled":true,"_links":{"self":[{"href":"https:\/\/noval.rs\/index.php?rest_route=\/wp\/v2\/product\/30934","targetHints":{"allow":["GET"]}}],"collection":[{"href":"https:\/\/noval.rs\/index.php?rest_route=\/wp\/v2\/product"}],"about":[{"href":"https:\/\/noval.rs\/index.php?rest_route=\/wp\/v2\/types\/product"}],"replies":[{"embeddable":true,"href":"https:\/\/noval.rs\/index.php?rest_route=%2Fwp%2Fv2%2Fcomments&post=30934"}],"version-history":[{"count":1,"href":"https:\/\/noval.rs\/index.php?rest_route=\/wp\/v2\/product\/30934\/revisions"}],"predecessor-version":[{"id":30936,"href":"https:\/\/noval.rs\/index.php?rest_route=\/wp\/v2\/product\/30934\/revisions\/30936"}],"wp:featuredmedia":[{"embeddable":true,"href":"https:\/\/noval.rs\/index.php?rest_route=\/wp\/v2\/media\/30935"}],"wp:attachment":[{"href":"https:\/\/noval.rs\/index.php?rest_route=%2Fwp%2Fv2%2Fmedia&parent=30934"}],"wp:term":[{"taxonomy":"product_brand","embeddable":true,"href":"https:\/\/noval.rs\/index.php?rest_route=%2Fwp%2Fv2%2Fproduct_brand&post=30934"},{"taxonomy":"product_cat","embeddable":true,"href":"https:\/\/noval.rs\/index.php?rest_route=%2Fwp%2Fv2%2Fproduct_cat&post=30934"},{"taxonomy":"product_tag","embeddable":true,"href":"https:\/\/noval.rs\/index.php?rest_route=%2Fwp%2Fv2%2Fproduct_tag&post=30934"}],"curies":[{"name":"wp","href":"https:\/\/api.w.org\/{rel}","templated":true}]}}