{"id":30922,"date":"2024-12-08T16:36:06","date_gmt":"2024-12-08T15:36:06","guid":{"rendered":"https:\/\/noval.rs\/?post_type=product&#038;p=30922"},"modified":"2024-12-08T16:36:06","modified_gmt":"2024-12-08T15:36:06","slug":"centropen-marker-8559-za-belu-tablu-crveni","status":"publish","type":"product","link":"https:\/\/noval.rs\/?product=centropen-marker-8559-za-belu-tablu-crveni","title":{"rendered":"CENTROPEN MARKER 8559 ZA BELU TABLU CRVENI"},"content":{"rendered":"<ul>\n<li>\u0160ifra: 3398<\/li>\n<li>Marker za table i druge nepozorne povr\u0161ine<\/li>\n<li>Nije opasan po zdravlje<\/li>\n<li>Bri\u0161e se i kada se osu\u0161i<\/li>\n<li>Sa oblim vrhom<\/li>\n<li>Na bazi alkohola<\/li>\n<li>\u0160irina pisanja 2,5mm<\/li>\n<\/ul>\n","protected":false},"excerpt":{"rendered":"<p>\u0160ifra: 3398 Marker za table i druge nepozorne povr\u0161ine Nije opasan po zdravlje Bri\u0161e se i kada se osu\u0161i Sa<\/p>\n","protected":false},"featured_media":30923,"comment_status":"open","ping_status":"closed","template":"","meta":{"jetpack_post_was_ever_published":false,"jetpack_publicize_message":"","jetpack_publicize_feature_enabled":true,"jetpack_social_post_already_shared":false,"jetpack_social_options":{"image_generator_settings":{"template":"highway","default_image_id":0,"font":"","enabled":false},"version":2}},"product_brand":[],"product_cat":[108,60],"product_tag":[],"class_list":{"0":"post-30922","1":"product","2":"type-product","3":"status-publish","4":"has-post-thumbnail","6":"product_cat-markeri","7":"product_cat-pribor-za-pisanje","9":"first","10":"instock","11":"shipping-taxable","12":"purchasable","13":"product-type-simple"},"jetpack_publicize_connections":[],"jetpack_sharing_enabled":true,"_links":{"self":[{"href":"https:\/\/noval.rs\/index.php?rest_route=\/wp\/v2\/product\/30922","targetHints":{"allow":["GET"]}}],"collection":[{"href":"https:\/\/noval.rs\/index.php?rest_route=\/wp\/v2\/product"}],"about":[{"href":"https:\/\/noval.rs\/index.php?rest_route=\/wp\/v2\/types\/product"}],"replies":[{"embeddable":true,"href":"https:\/\/noval.rs\/index.php?rest_route=%2Fwp%2Fv2%2Fcomments&post=30922"}],"version-history":[{"count":1,"href":"https:\/\/noval.rs\/index.php?rest_route=\/wp\/v2\/product\/30922\/revisions"}],"predecessor-version":[{"id":30924,"href":"https:\/\/noval.rs\/index.php?rest_route=\/wp\/v2\/product\/30922\/revisions\/30924"}],"wp:featuredmedia":[{"embeddable":true,"href":"https:\/\/noval.rs\/index.php?rest_route=\/wp\/v2\/media\/30923"}],"wp:attachment":[{"href":"https:\/\/noval.rs\/index.php?rest_route=%2Fwp%2Fv2%2Fmedia&parent=30922"}],"wp:term":[{"taxonomy":"product_brand","embeddable":true,"href":"https:\/\/noval.rs\/index.php?rest_route=%2Fwp%2Fv2%2Fproduct_brand&post=30922"},{"taxonomy":"product_cat","embeddable":true,"href":"https:\/\/noval.rs\/index.php?rest_route=%2Fwp%2Fv2%2Fproduct_cat&post=30922"},{"taxonomy":"product_tag","embeddable":true,"href":"https:\/\/noval.rs\/index.php?rest_route=%2Fwp%2Fv2%2Fproduct_tag&post=30922"}],"curies":[{"name":"wp","href":"https:\/\/api.w.org\/{rel}","templated":true}]}}