{"id":30510,"date":"2024-11-20T22:49:18","date_gmt":"2024-11-20T21:49:18","guid":{"rendered":"https:\/\/noval.rs\/?post_type=product&#038;p=30510"},"modified":"2024-11-20T22:49:18","modified_gmt":"2024-11-20T21:49:18","slug":"korektor-traka-f049","status":"publish","type":"product","link":"https:\/\/noval.rs\/?product=korektor-traka-f049","title":{"rendered":"KOREKTOR TRAKA F049"},"content":{"rendered":"<div class=\"product-tabs-wrapper\">\n<div class=\"container\">\n<div class=\"row\">\n<div class=\"col-12 poduct-tabs-inner\">\n<div class=\"woocommerce-tabs wc-tabs-wrapper tabs-layout-tabs\" data-state=\"first\" data-layout=\"tabs\">\n<div class=\"wd-accordion-item\">\n<div id=\"tab-description\" class=\"entry-content woocommerce-Tabs-panel woocommerce-Tabs-panel--description wd-active panel wc-tab\" role=\"tabpanel\" aria-labelledby=\"tab-title-description\" data-accordion-index=\"description\">\n<div class=\"wc-tab-inner\">\n<ul>\n<li><strong>\u0160ifra: 25010<\/strong><\/li>\n<li>Sna\u017ena mo\u0107 prekrivanja<\/li>\n<li>Providno telo omogu\u0107ava kontrolu koli\u010dine preostale trake<\/li>\n<li>Du\u017eina trake 6m<\/li>\n<\/ul>\n<\/div>\n<\/div>\n<\/div>\n<\/div>\n<\/div>\n<\/div>\n<\/div>\n<\/div>\n","protected":false},"excerpt":{"rendered":"<p>\u0160ifra: 25010 Sna\u017ena mo\u0107 prekrivanja Providno telo omogu\u0107ava kontrolu koli\u010dine preostale trake Du\u017eina trake 6m<\/p>\n","protected":false},"featured_media":30511,"comment_status":"open","ping_status":"closed","template":"","meta":{"jetpack_post_was_ever_published":false,"jetpack_publicize_message":"","jetpack_publicize_feature_enabled":true,"jetpack_social_post_already_shared":false,"jetpack_social_options":{"image_generator_settings":{"template":"highway","default_image_id":0,"font":"","enabled":false},"version":2}},"product_brand":[],"product_cat":[125,61],"product_tag":[],"class_list":{"0":"post-30510","1":"product","2":"type-product","3":"status-publish","4":"has-post-thumbnail","6":"product_cat-korektor","7":"product_cat-oprema-za-kancelarijski-sto","9":"first","10":"instock","11":"shipping-taxable","12":"purchasable","13":"product-type-simple"},"jetpack_publicize_connections":[],"jetpack_sharing_enabled":true,"_links":{"self":[{"href":"https:\/\/noval.rs\/index.php?rest_route=\/wp\/v2\/product\/30510","targetHints":{"allow":["GET"]}}],"collection":[{"href":"https:\/\/noval.rs\/index.php?rest_route=\/wp\/v2\/product"}],"about":[{"href":"https:\/\/noval.rs\/index.php?rest_route=\/wp\/v2\/types\/product"}],"replies":[{"embeddable":true,"href":"https:\/\/noval.rs\/index.php?rest_route=%2Fwp%2Fv2%2Fcomments&post=30510"}],"version-history":[{"count":1,"href":"https:\/\/noval.rs\/index.php?rest_route=\/wp\/v2\/product\/30510\/revisions"}],"predecessor-version":[{"id":30512,"href":"https:\/\/noval.rs\/index.php?rest_route=\/wp\/v2\/product\/30510\/revisions\/30512"}],"wp:featuredmedia":[{"embeddable":true,"href":"https:\/\/noval.rs\/index.php?rest_route=\/wp\/v2\/media\/30511"}],"wp:attachment":[{"href":"https:\/\/noval.rs\/index.php?rest_route=%2Fwp%2Fv2%2Fmedia&parent=30510"}],"wp:term":[{"taxonomy":"product_brand","embeddable":true,"href":"https:\/\/noval.rs\/index.php?rest_route=%2Fwp%2Fv2%2Fproduct_brand&post=30510"},{"taxonomy":"product_cat","embeddable":true,"href":"https:\/\/noval.rs\/index.php?rest_route=%2Fwp%2Fv2%2Fproduct_cat&post=30510"},{"taxonomy":"product_tag","embeddable":true,"href":"https:\/\/noval.rs\/index.php?rest_route=%2Fwp%2Fv2%2Fproduct_tag&post=30510"}],"curies":[{"name":"wp","href":"https:\/\/api.w.org\/{rel}","templated":true}]}}