{"id":30449,"date":"2024-11-19T19:49:26","date_gmt":"2024-11-19T18:49:26","guid":{"rendered":"https:\/\/noval.rs\/?post_type=product&#038;p=30449"},"modified":"2024-11-19T19:49:26","modified_gmt":"2024-11-19T18:49:26","slug":"toner-samsung-ml-1610-ml-2010","status":"publish","type":"product","link":"https:\/\/noval.rs\/?product=toner-samsung-ml-1610-ml-2010","title":{"rendered":"TONER SAMSUNG ML-1610 ML-2010"},"content":{"rendered":"<ul>\n<li><span class=\"sku_wrapper\">\u0160ifra proizvoda: 1484<\/span><\/li>\n<li>Odgovara za modele \u0161tampa\u010da:<br \/>\nSamsung ML-1610 , ML-1615, ML-1620, ML-1625<br \/>\nSamsung ML-2010, ML-2015, ML-2020<br \/>\nSamsung ML-2510, ML-2520, ML-2570, ML-2571<br \/>\nSamsung SCX-4321, SCX-4521<br \/>\nDELL 1100, 1110<br \/>\nXerox Phaser 3117<br \/>\nXerox Phaser 3122, 3124, 3125<\/li>\n<\/ul>\n","protected":false},"excerpt":{"rendered":"<p>\u0160ifra proizvoda: 1484 Odgovara za modele \u0161tampa\u010da: Samsung ML-1610 , ML-1615, ML-1620, ML-1625 Samsung ML-2010, ML-2015, ML-2020 Samsung ML-2510, ML-2520,<\/p>\n","protected":false},"featured_media":30422,"comment_status":"open","ping_status":"closed","template":"","meta":{"jetpack_post_was_ever_published":false,"jetpack_publicize_message":"","jetpack_publicize_feature_enabled":true,"jetpack_social_post_already_shared":false,"jetpack_social_options":{"image_generator_settings":{"template":"highway","default_image_id":0,"font":"","enabled":false},"version":2}},"product_brand":[],"product_cat":[59,105],"product_tag":[],"class_list":{"0":"post-30449","1":"product","2":"type-product","3":"status-publish","4":"has-post-thumbnail","6":"product_cat-mediji","7":"product_cat-toneri","9":"first","10":"instock","11":"shipping-taxable","12":"purchasable","13":"product-type-simple"},"jetpack_publicize_connections":[],"jetpack_sharing_enabled":true,"_links":{"self":[{"href":"https:\/\/noval.rs\/index.php?rest_route=\/wp\/v2\/product\/30449","targetHints":{"allow":["GET"]}}],"collection":[{"href":"https:\/\/noval.rs\/index.php?rest_route=\/wp\/v2\/product"}],"about":[{"href":"https:\/\/noval.rs\/index.php?rest_route=\/wp\/v2\/types\/product"}],"replies":[{"embeddable":true,"href":"https:\/\/noval.rs\/index.php?rest_route=%2Fwp%2Fv2%2Fcomments&post=30449"}],"version-history":[{"count":1,"href":"https:\/\/noval.rs\/index.php?rest_route=\/wp\/v2\/product\/30449\/revisions"}],"predecessor-version":[{"id":30450,"href":"https:\/\/noval.rs\/index.php?rest_route=\/wp\/v2\/product\/30449\/revisions\/30450"}],"wp:featuredmedia":[{"embeddable":true,"href":"https:\/\/noval.rs\/index.php?rest_route=\/wp\/v2\/media\/30422"}],"wp:attachment":[{"href":"https:\/\/noval.rs\/index.php?rest_route=%2Fwp%2Fv2%2Fmedia&parent=30449"}],"wp:term":[{"taxonomy":"product_brand","embeddable":true,"href":"https:\/\/noval.rs\/index.php?rest_route=%2Fwp%2Fv2%2Fproduct_brand&post=30449"},{"taxonomy":"product_cat","embeddable":true,"href":"https:\/\/noval.rs\/index.php?rest_route=%2Fwp%2Fv2%2Fproduct_cat&post=30449"},{"taxonomy":"product_tag","embeddable":true,"href":"https:\/\/noval.rs\/index.php?rest_route=%2Fwp%2Fv2%2Fproduct_tag&post=30449"}],"curies":[{"name":"wp","href":"https:\/\/api.w.org\/{rel}","templated":true}]}}