{"id":30447,"date":"2024-11-19T19:47:19","date_gmt":"2024-11-19T18:47:19","guid":{"rendered":"https:\/\/noval.rs\/?post_type=product&#038;p=30447"},"modified":"2024-11-19T19:47:19","modified_gmt":"2024-11-19T18:47:19","slug":"toner-samsung-mlt-d111s","status":"publish","type":"product","link":"https:\/\/noval.rs\/?product=toner-samsung-mlt-d111s","title":{"rendered":"TONER SAMSUNG MLT-D111S"},"content":{"rendered":"<ul>\n<li><span class=\"sku_wrapper\">\u0160ifra proizvoda: 3737<\/span><\/li>\n<li><strong>Koristi se u slede\u0107im \u0161tampa\u010dima:<\/strong><\/li>\n<\/ul>\n<table style=\"height: 24px;\" width=\"486\">\n<tbody>\n<tr>\n<td>\n<ul>\n<li>Samsung Xpress\u00a0<strong>M2020<\/strong><\/li>\n<li>Samsung Xpress\u00a0<strong>M2020w<\/strong><\/li>\n<li>Samsung Xpress\u00a0<strong>M2022<\/strong><\/li>\n<li>Samsung Xpress\u00a0<strong>M2022w<\/strong><\/li>\n<li>Samsung Xpress\u00a0<strong>M2026<\/strong><\/li>\n<\/ul>\n<\/td>\n<td>\n<ul>\n<li>Samsung Xpress\u00a0<strong>M2026w<\/strong><\/li>\n<li>Samsung Xpress\u00a0<strong>M2070fw<\/strong><\/li>\n<li>Samsung Xpress\u00a0<strong>M2070w<\/strong><\/li>\n<li>Samsung Xpress\u00a0<strong>M2070<\/strong><\/li>\n<li>Samsung Xpress\u00a0<strong>M2070f<\/strong><\/li>\n<\/ul>\n<\/td>\n<\/tr>\n<\/tbody>\n<\/table>\n","protected":false},"excerpt":{"rendered":"<p>\u0160ifra proizvoda: 3737 Koristi se u slede\u0107im \u0161tampa\u010dima: Samsung Xpress\u00a0M2020 Samsung Xpress\u00a0M2020w Samsung Xpress\u00a0M2022 Samsung Xpress\u00a0M2022w Samsung Xpress\u00a0M2026 Samsung Xpress\u00a0M2026w<\/p>\n","protected":false},"featured_media":30422,"comment_status":"open","ping_status":"closed","template":"","meta":{"jetpack_post_was_ever_published":false,"jetpack_publicize_message":"","jetpack_publicize_feature_enabled":true,"jetpack_social_post_already_shared":false,"jetpack_social_options":{"image_generator_settings":{"template":"highway","default_image_id":0,"font":"","enabled":false},"version":2}},"product_brand":[],"product_cat":[59,105],"product_tag":[],"class_list":{"0":"post-30447","1":"product","2":"type-product","3":"status-publish","4":"has-post-thumbnail","6":"product_cat-mediji","7":"product_cat-toneri","9":"first","10":"instock","11":"shipping-taxable","12":"purchasable","13":"product-type-simple"},"jetpack_publicize_connections":[],"jetpack_sharing_enabled":true,"_links":{"self":[{"href":"https:\/\/noval.rs\/index.php?rest_route=\/wp\/v2\/product\/30447","targetHints":{"allow":["GET"]}}],"collection":[{"href":"https:\/\/noval.rs\/index.php?rest_route=\/wp\/v2\/product"}],"about":[{"href":"https:\/\/noval.rs\/index.php?rest_route=\/wp\/v2\/types\/product"}],"replies":[{"embeddable":true,"href":"https:\/\/noval.rs\/index.php?rest_route=%2Fwp%2Fv2%2Fcomments&post=30447"}],"version-history":[{"count":1,"href":"https:\/\/noval.rs\/index.php?rest_route=\/wp\/v2\/product\/30447\/revisions"}],"predecessor-version":[{"id":30448,"href":"https:\/\/noval.rs\/index.php?rest_route=\/wp\/v2\/product\/30447\/revisions\/30448"}],"wp:featuredmedia":[{"embeddable":true,"href":"https:\/\/noval.rs\/index.php?rest_route=\/wp\/v2\/media\/30422"}],"wp:attachment":[{"href":"https:\/\/noval.rs\/index.php?rest_route=%2Fwp%2Fv2%2Fmedia&parent=30447"}],"wp:term":[{"taxonomy":"product_brand","embeddable":true,"href":"https:\/\/noval.rs\/index.php?rest_route=%2Fwp%2Fv2%2Fproduct_brand&post=30447"},{"taxonomy":"product_cat","embeddable":true,"href":"https:\/\/noval.rs\/index.php?rest_route=%2Fwp%2Fv2%2Fproduct_cat&post=30447"},{"taxonomy":"product_tag","embeddable":true,"href":"https:\/\/noval.rs\/index.php?rest_route=%2Fwp%2Fv2%2Fproduct_tag&post=30447"}],"curies":[{"name":"wp","href":"https:\/\/api.w.org\/{rel}","templated":true}]}}