{"id":30432,"date":"2024-11-19T19:20:42","date_gmt":"2024-11-19T18:20:42","guid":{"rendered":"https:\/\/noval.rs\/?post_type=product&#038;p=30432"},"modified":"2024-11-19T19:20:42","modified_gmt":"2024-11-19T18:20:42","slug":"toner-hp-q5949a-49a","status":"publish","type":"product","link":"https:\/\/noval.rs\/?product=toner-hp-q5949a-49a","title":{"rendered":"TONER HP Q5949A 49A"},"content":{"rendered":"<ul>\n<li><span class=\"sku_wrapper\">\u0160ifra proizvoda: 1452<\/span><\/li>\n<li>Kompatibilan toner za modele \u0161tampa\u010da HP\u00a0Laser Jet 1160\/ 1320\/ 320n\/ 1320t\/ 1320nw\/ 1320tn\/ P2015\/ P2015dn\/\u00a0P2015n\/ P2015X\/ Canon CRG-708<\/li>\n<\/ul>\n","protected":false},"excerpt":{"rendered":"<p>\u0160ifra proizvoda: 1452 Kompatibilan toner za modele \u0161tampa\u010da HP\u00a0Laser Jet 1160\/ 1320\/ 320n\/ 1320t\/ 1320nw\/ 1320tn\/ P2015\/ P2015dn\/\u00a0P2015n\/ P2015X\/ Canon<\/p>\n","protected":false},"featured_media":30422,"comment_status":"open","ping_status":"closed","template":"","meta":{"jetpack_post_was_ever_published":false,"jetpack_publicize_message":"","jetpack_publicize_feature_enabled":true,"jetpack_social_post_already_shared":false,"jetpack_social_options":{"image_generator_settings":{"template":"highway","default_image_id":0,"font":"","enabled":false},"version":2}},"product_brand":[],"product_cat":[59,105],"product_tag":[],"class_list":{"0":"post-30432","1":"product","2":"type-product","3":"status-publish","4":"has-post-thumbnail","6":"product_cat-mediji","7":"product_cat-toneri","9":"first","10":"instock","11":"shipping-taxable","12":"purchasable","13":"product-type-simple"},"jetpack_publicize_connections":[],"jetpack_sharing_enabled":true,"_links":{"self":[{"href":"https:\/\/noval.rs\/index.php?rest_route=\/wp\/v2\/product\/30432","targetHints":{"allow":["GET"]}}],"collection":[{"href":"https:\/\/noval.rs\/index.php?rest_route=\/wp\/v2\/product"}],"about":[{"href":"https:\/\/noval.rs\/index.php?rest_route=\/wp\/v2\/types\/product"}],"replies":[{"embeddable":true,"href":"https:\/\/noval.rs\/index.php?rest_route=%2Fwp%2Fv2%2Fcomments&post=30432"}],"version-history":[{"count":1,"href":"https:\/\/noval.rs\/index.php?rest_route=\/wp\/v2\/product\/30432\/revisions"}],"predecessor-version":[{"id":30433,"href":"https:\/\/noval.rs\/index.php?rest_route=\/wp\/v2\/product\/30432\/revisions\/30433"}],"wp:featuredmedia":[{"embeddable":true,"href":"https:\/\/noval.rs\/index.php?rest_route=\/wp\/v2\/media\/30422"}],"wp:attachment":[{"href":"https:\/\/noval.rs\/index.php?rest_route=%2Fwp%2Fv2%2Fmedia&parent=30432"}],"wp:term":[{"taxonomy":"product_brand","embeddable":true,"href":"https:\/\/noval.rs\/index.php?rest_route=%2Fwp%2Fv2%2Fproduct_brand&post=30432"},{"taxonomy":"product_cat","embeddable":true,"href":"https:\/\/noval.rs\/index.php?rest_route=%2Fwp%2Fv2%2Fproduct_cat&post=30432"},{"taxonomy":"product_tag","embeddable":true,"href":"https:\/\/noval.rs\/index.php?rest_route=%2Fwp%2Fv2%2Fproduct_tag&post=30432"}],"curies":[{"name":"wp","href":"https:\/\/api.w.org\/{rel}","templated":true}]}}