{"id":30420,"date":"2024-11-19T19:00:57","date_gmt":"2024-11-19T18:00:57","guid":{"rendered":"https:\/\/noval.rs\/?post_type=product&#038;p=30420"},"modified":"2024-11-19T19:01:30","modified_gmt":"2024-11-19T18:01:30","slug":"toner-cf279a","status":"publish","type":"product","link":"https:\/\/noval.rs\/?product=toner-cf279a","title":{"rendered":"TONER CF279A"},"content":{"rendered":"<ul>\n<li><span class=\"sku_wrapper\">\u0160ifra proizvoda: 2737<\/span><\/li>\n<li>Kompatibilni toner<\/li>\n<li>O\u0161tar tekst i o\u0161tra grafika<\/li>\n<li>Podr\u017eani modeli \u0161tampa\u010da:<br \/>\nHP LaserJet Pro M12\/M12a\/M12w\/M26a\/M26nw<\/li>\n<\/ul>\n","protected":false},"excerpt":{"rendered":"<p>\u0160ifra proizvoda: 2737 Kompatibilni toner O\u0161tar tekst i o\u0161tra grafika Podr\u017eani modeli \u0161tampa\u010da: HP LaserJet Pro M12\/M12a\/M12w\/M26a\/M26nw<\/p>\n","protected":false},"featured_media":30422,"comment_status":"open","ping_status":"closed","template":"","meta":{"jetpack_post_was_ever_published":false,"jetpack_publicize_message":"","jetpack_publicize_feature_enabled":true,"jetpack_social_post_already_shared":false,"jetpack_social_options":{"image_generator_settings":{"template":"highway","default_image_id":0,"font":"","enabled":false},"version":2}},"product_brand":[],"product_cat":[59,105],"product_tag":[],"class_list":{"0":"post-30420","1":"product","2":"type-product","3":"status-publish","4":"has-post-thumbnail","6":"product_cat-mediji","7":"product_cat-toneri","9":"first","10":"instock","11":"shipping-taxable","12":"purchasable","13":"product-type-simple"},"jetpack_publicize_connections":[],"jetpack_sharing_enabled":true,"_links":{"self":[{"href":"https:\/\/noval.rs\/index.php?rest_route=\/wp\/v2\/product\/30420","targetHints":{"allow":["GET"]}}],"collection":[{"href":"https:\/\/noval.rs\/index.php?rest_route=\/wp\/v2\/product"}],"about":[{"href":"https:\/\/noval.rs\/index.php?rest_route=\/wp\/v2\/types\/product"}],"replies":[{"embeddable":true,"href":"https:\/\/noval.rs\/index.php?rest_route=%2Fwp%2Fv2%2Fcomments&post=30420"}],"version-history":[{"count":1,"href":"https:\/\/noval.rs\/index.php?rest_route=\/wp\/v2\/product\/30420\/revisions"}],"predecessor-version":[{"id":30421,"href":"https:\/\/noval.rs\/index.php?rest_route=\/wp\/v2\/product\/30420\/revisions\/30421"}],"wp:featuredmedia":[{"embeddable":true,"href":"https:\/\/noval.rs\/index.php?rest_route=\/wp\/v2\/media\/30422"}],"wp:attachment":[{"href":"https:\/\/noval.rs\/index.php?rest_route=%2Fwp%2Fv2%2Fmedia&parent=30420"}],"wp:term":[{"taxonomy":"product_brand","embeddable":true,"href":"https:\/\/noval.rs\/index.php?rest_route=%2Fwp%2Fv2%2Fproduct_brand&post=30420"},{"taxonomy":"product_cat","embeddable":true,"href":"https:\/\/noval.rs\/index.php?rest_route=%2Fwp%2Fv2%2Fproduct_cat&post=30420"},{"taxonomy":"product_tag","embeddable":true,"href":"https:\/\/noval.rs\/index.php?rest_route=%2Fwp%2Fv2%2Fproduct_tag&post=30420"}],"curies":[{"name":"wp","href":"https:\/\/api.w.org\/{rel}","templated":true}]}}