{"id":30408,"date":"2024-11-18T23:38:02","date_gmt":"2024-11-18T22:38:02","guid":{"rendered":"https:\/\/noval.rs\/?post_type=product&#038;p=30408"},"modified":"2024-11-18T23:38:02","modified_gmt":"2024-11-18T22:38:02","slug":"toner-q2612a-fx9-fx10-can703","status":"publish","type":"product","link":"https:\/\/noval.rs\/?product=toner-q2612a-fx9-fx10-can703","title":{"rendered":"TONER Q2612A\/FX9\/FX10\/CAN703"},"content":{"rendered":"<ul>\n<li><span class=\"sku_wrapper\">\u0160ifra proizvoda: 623<\/span><\/li>\n<li>Kompatibilni toner<\/li>\n<li>O\u0161tar tekst i o\u0161tra grafika<\/li>\n<li>Podr\u017eani modeli \u0161tampa\u010da:<br \/>\nHP LaserJet 1010\/1012\/1015\/1018\/1022\/<br \/>\n1022N\/1022NW\/1020\/3015MFP\/3020MFP\/<br \/>\n3030MFP\/3050MFP\/3052MFP\/3055MFP\/<br \/>\n3050Z\/M1005MFP CANFax L-100\/L-120,<br \/>\nFaxPHONE 120,MF4150,FAX L905A, I-Sensys<br \/>\n4120\/4130\/4140\/4270\/4150MF\/4660\/<br \/>\n4370\/4370\/4350D\/PL\/MF4690PL<br \/>\nLBP-2900\/2900B\/3000 M1005 M1319F<\/li>\n<\/ul>\n","protected":false},"excerpt":{"rendered":"<p>\u0160ifra proizvoda: 623 Kompatibilni toner O\u0161tar tekst i o\u0161tra grafika Podr\u017eani modeli \u0161tampa\u010da: HP LaserJet 1010\/1012\/1015\/1018\/1022\/ 1022N\/1022NW\/1020\/3015MFP\/3020MFP\/ 3030MFP\/3050MFP\/3052MFP\/3055MFP\/ 3050Z\/M1005MFP CANFax<\/p>\n","protected":false},"featured_media":30405,"comment_status":"open","ping_status":"closed","template":"","meta":{"jetpack_post_was_ever_published":false,"jetpack_publicize_message":"","jetpack_publicize_feature_enabled":true,"jetpack_social_post_already_shared":false,"jetpack_social_options":{"image_generator_settings":{"template":"highway","default_image_id":0,"font":"","enabled":false},"version":2}},"product_brand":[],"product_cat":[59,105],"product_tag":[],"class_list":{"0":"post-30408","1":"product","2":"type-product","3":"status-publish","4":"has-post-thumbnail","6":"product_cat-mediji","7":"product_cat-toneri","9":"first","10":"instock","11":"shipping-taxable","12":"purchasable","13":"product-type-simple"},"jetpack_publicize_connections":[],"jetpack_sharing_enabled":true,"_links":{"self":[{"href":"https:\/\/noval.rs\/index.php?rest_route=\/wp\/v2\/product\/30408","targetHints":{"allow":["GET"]}}],"collection":[{"href":"https:\/\/noval.rs\/index.php?rest_route=\/wp\/v2\/product"}],"about":[{"href":"https:\/\/noval.rs\/index.php?rest_route=\/wp\/v2\/types\/product"}],"replies":[{"embeddable":true,"href":"https:\/\/noval.rs\/index.php?rest_route=%2Fwp%2Fv2%2Fcomments&post=30408"}],"version-history":[{"count":1,"href":"https:\/\/noval.rs\/index.php?rest_route=\/wp\/v2\/product\/30408\/revisions"}],"predecessor-version":[{"id":30409,"href":"https:\/\/noval.rs\/index.php?rest_route=\/wp\/v2\/product\/30408\/revisions\/30409"}],"wp:featuredmedia":[{"embeddable":true,"href":"https:\/\/noval.rs\/index.php?rest_route=\/wp\/v2\/media\/30405"}],"wp:attachment":[{"href":"https:\/\/noval.rs\/index.php?rest_route=%2Fwp%2Fv2%2Fmedia&parent=30408"}],"wp:term":[{"taxonomy":"product_brand","embeddable":true,"href":"https:\/\/noval.rs\/index.php?rest_route=%2Fwp%2Fv2%2Fproduct_brand&post=30408"},{"taxonomy":"product_cat","embeddable":true,"href":"https:\/\/noval.rs\/index.php?rest_route=%2Fwp%2Fv2%2Fproduct_cat&post=30408"},{"taxonomy":"product_tag","embeddable":true,"href":"https:\/\/noval.rs\/index.php?rest_route=%2Fwp%2Fv2%2Fproduct_tag&post=30408"}],"curies":[{"name":"wp","href":"https:\/\/api.w.org\/{rel}","templated":true}]}}