{"id":30401,"date":"2024-11-18T23:32:39","date_gmt":"2024-11-18T22:32:39","guid":{"rendered":"https:\/\/noval.rs\/?post_type=product&#038;p=30401"},"modified":"2024-11-18T23:36:11","modified_gmt":"2024-11-18T22:36:11","slug":"toner-ce505a-cf280a","status":"publish","type":"product","link":"https:\/\/noval.rs\/?product=toner-ce505a-cf280a","title":{"rendered":"TONER CE505A\/CF280A"},"content":{"rendered":"<ul>\n<li><span class=\"sku_wrapper\">\u0160ifra proizvoda: 2256<\/span><\/li>\n<li>Kompatibilni toner<\/li>\n<li>\u0160tampanje visokih performansi<\/li>\n<li>Podr\u017eani modeli \u0161tampa\u010da:<br \/>\nHP LaserJet P2030\/P2033\/P2034\/P2035\/<br \/>\nP2035N\/P2036\/P2037\/205\/P2053\/P2054\/<br \/>\nP2055\/P2055D\/P2056\/P2057\/P2053dn\/<br \/>\nP2053x\/P2054x\/P2055dn\/P2055X\/<br \/>\nP2056dn\/p2056X\/p2057dn\/P2057X\/<br \/>\nLaserJet Pro 400 M401\/a\/d\/n\/dn\/dw\/M425dn\/dw<br \/>\n\u200b\u200b\u200b\u200b\u200b\u200b\u200bCanon LBP 6300\/6650\/MF5870dn<\/li>\n<\/ul>\n","protected":false},"excerpt":{"rendered":"<p>\u0160ifra proizvoda: 2256 Kompatibilni toner \u0160tampanje visokih performansi Podr\u017eani modeli \u0161tampa\u010da: HP LaserJet P2030\/P2033\/P2034\/P2035\/ P2035N\/P2036\/P2037\/205\/P2053\/P2054\/ P2055\/P2055D\/P2056\/P2057\/P2053dn\/ P2053x\/P2054x\/P2055dn\/P2055X\/ P2056dn\/p2056X\/p2057dn\/P2057X\/ LaserJet Pro<\/p>\n","protected":false},"featured_media":30402,"comment_status":"open","ping_status":"closed","template":"","meta":{"jetpack_post_was_ever_published":false,"jetpack_publicize_message":"","jetpack_publicize_feature_enabled":true,"jetpack_social_post_already_shared":false,"jetpack_social_options":{"image_generator_settings":{"template":"highway","default_image_id":0,"font":"","enabled":false},"version":2}},"product_brand":[],"product_cat":[59,105],"product_tag":[],"class_list":{"0":"post-30401","1":"product","2":"type-product","3":"status-publish","4":"has-post-thumbnail","6":"product_cat-mediji","7":"product_cat-toneri","9":"first","10":"instock","11":"shipping-taxable","12":"purchasable","13":"product-type-simple"},"jetpack_publicize_connections":[],"jetpack_sharing_enabled":true,"_links":{"self":[{"href":"https:\/\/noval.rs\/index.php?rest_route=\/wp\/v2\/product\/30401","targetHints":{"allow":["GET"]}}],"collection":[{"href":"https:\/\/noval.rs\/index.php?rest_route=\/wp\/v2\/product"}],"about":[{"href":"https:\/\/noval.rs\/index.php?rest_route=\/wp\/v2\/types\/product"}],"replies":[{"embeddable":true,"href":"https:\/\/noval.rs\/index.php?rest_route=%2Fwp%2Fv2%2Fcomments&post=30401"}],"version-history":[{"count":2,"href":"https:\/\/noval.rs\/index.php?rest_route=\/wp\/v2\/product\/30401\/revisions"}],"predecessor-version":[{"id":30407,"href":"https:\/\/noval.rs\/index.php?rest_route=\/wp\/v2\/product\/30401\/revisions\/30407"}],"wp:featuredmedia":[{"embeddable":true,"href":"https:\/\/noval.rs\/index.php?rest_route=\/wp\/v2\/media\/30402"}],"wp:attachment":[{"href":"https:\/\/noval.rs\/index.php?rest_route=%2Fwp%2Fv2%2Fmedia&parent=30401"}],"wp:term":[{"taxonomy":"product_brand","embeddable":true,"href":"https:\/\/noval.rs\/index.php?rest_route=%2Fwp%2Fv2%2Fproduct_brand&post=30401"},{"taxonomy":"product_cat","embeddable":true,"href":"https:\/\/noval.rs\/index.php?rest_route=%2Fwp%2Fv2%2Fproduct_cat&post=30401"},{"taxonomy":"product_tag","embeddable":true,"href":"https:\/\/noval.rs\/index.php?rest_route=%2Fwp%2Fv2%2Fproduct_tag&post=30401"}],"curies":[{"name":"wp","href":"https:\/\/api.w.org\/{rel}","templated":true}]}}