{"id":30323,"date":"2024-11-16T23:33:53","date_gmt":"2024-11-16T22:33:53","guid":{"rendered":"https:\/\/noval.rs\/?post_type=product&#038;p=30323"},"modified":"2024-11-16T23:33:53","modified_gmt":"2024-11-16T22:33:53","slug":"hamer-a3-sa-zaglavljem-1-50","status":"publish","type":"product","link":"https:\/\/noval.rs\/?product=hamer-a3-sa-zaglavljem-1-50","title":{"rendered":"HAMER A3 SA ZAGLAVLJEM 1\/50"},"content":{"rendered":"<div class=\"product-tabs-wrapper\">\n<div class=\"container\">\n<div class=\"row\">\n<div class=\"col-12 poduct-tabs-inner\">\n<div class=\"woocommerce-tabs wc-tabs-wrapper tabs-layout-tabs\" data-state=\"first\" data-layout=\"tabs\">\n<div class=\"wd-accordion-item\">\n<div id=\"tab-description\" class=\"entry-content woocommerce-Tabs-panel woocommerce-Tabs-panel--description wd-active panel wc-tab\" role=\"tabpanel\" aria-labelledby=\"tab-title-description\" data-accordion-index=\"description\">\n<div class=\"wc-tab-inner\">\n<ul>\n<li><strong>\u0160ifra: 5931<\/strong><\/li>\n<li><strong>Format A3<\/strong><\/li>\n<li><strong>Hamer papir visokog kvaliteta<\/strong><\/li>\n<li><strong>Sa od\u0161tampanim zaglavljem za tehni\u010dko crtanje<\/strong><\/li>\n<li><strong>Gramatura: 190gr\/m\u00b2<\/strong><\/li>\n<\/ul>\n<p>&nbsp;<\/p>\n<\/div>\n<\/div>\n<\/div>\n<\/div>\n<\/div>\n<\/div>\n<\/div>\n<\/div>\n","protected":false},"excerpt":{"rendered":"<p>\u0160ifra: 5931 Format A3 Hamer papir visokog kvaliteta Sa od\u0161tampanim zaglavljem za tehni\u010dko crtanje Gramatura: 190gr\/m\u00b2 &nbsp;<\/p>\n","protected":false},"featured_media":30324,"comment_status":"open","ping_status":"closed","template":"","meta":{"jetpack_post_was_ever_published":false,"jetpack_publicize_message":"","jetpack_publicize_feature_enabled":true,"jetpack_social_post_already_shared":false,"jetpack_social_options":{"image_generator_settings":{"template":"highway","default_image_id":0,"font":"","enabled":false},"version":2}},"product_brand":[],"product_cat":[70,55],"product_tag":[],"class_list":{"0":"post-30323","1":"product","2":"type-product","3":"status-publish","4":"has-post-thumbnail","6":"product_cat-hamer-papir","7":"product_cat-papirni-proizvodi","9":"first","10":"instock","11":"shipping-taxable","12":"purchasable","13":"product-type-simple"},"jetpack_publicize_connections":[],"jetpack_sharing_enabled":true,"_links":{"self":[{"href":"https:\/\/noval.rs\/index.php?rest_route=\/wp\/v2\/product\/30323","targetHints":{"allow":["GET"]}}],"collection":[{"href":"https:\/\/noval.rs\/index.php?rest_route=\/wp\/v2\/product"}],"about":[{"href":"https:\/\/noval.rs\/index.php?rest_route=\/wp\/v2\/types\/product"}],"replies":[{"embeddable":true,"href":"https:\/\/noval.rs\/index.php?rest_route=%2Fwp%2Fv2%2Fcomments&post=30323"}],"version-history":[{"count":1,"href":"https:\/\/noval.rs\/index.php?rest_route=\/wp\/v2\/product\/30323\/revisions"}],"predecessor-version":[{"id":30325,"href":"https:\/\/noval.rs\/index.php?rest_route=\/wp\/v2\/product\/30323\/revisions\/30325"}],"wp:featuredmedia":[{"embeddable":true,"href":"https:\/\/noval.rs\/index.php?rest_route=\/wp\/v2\/media\/30324"}],"wp:attachment":[{"href":"https:\/\/noval.rs\/index.php?rest_route=%2Fwp%2Fv2%2Fmedia&parent=30323"}],"wp:term":[{"taxonomy":"product_brand","embeddable":true,"href":"https:\/\/noval.rs\/index.php?rest_route=%2Fwp%2Fv2%2Fproduct_brand&post=30323"},{"taxonomy":"product_cat","embeddable":true,"href":"https:\/\/noval.rs\/index.php?rest_route=%2Fwp%2Fv2%2Fproduct_cat&post=30323"},{"taxonomy":"product_tag","embeddable":true,"href":"https:\/\/noval.rs\/index.php?rest_route=%2Fwp%2Fv2%2Fproduct_tag&post=30323"}],"curies":[{"name":"wp","href":"https:\/\/api.w.org\/{rel}","templated":true}]}}