{"id":29561,"date":"2024-11-07T13:58:05","date_gmt":"2024-11-07T12:58:05","guid":{"rendered":"https:\/\/noval.rs\/?post_type=product&#038;p=29561"},"modified":"2024-11-23T19:38:23","modified_gmt":"2024-11-23T18:38:23","slug":"sundjer-djacki-16x11x5","status":"publish","type":"product","link":"https:\/\/noval.rs\/?product=sundjer-djacki-16x11x5","title":{"rendered":"SUN\u0110ER \u0110A\u010cKI 16X11X5"},"content":{"rendered":"<ul>\n<li>\n<h5><strong>\u0160ifra: 2027<\/strong><\/h5>\n<\/li>\n<\/ul>\n","protected":false},"excerpt":{"rendered":"<p>\u0160ifra: 2027<\/p>\n","protected":false},"featured_media":29562,"comment_status":"open","ping_status":"closed","template":"","meta":{"jetpack_post_was_ever_published":false,"jetpack_publicize_message":"","jetpack_publicize_feature_enabled":true,"jetpack_social_post_already_shared":false,"jetpack_social_options":{"image_generator_settings":{"template":"highway","default_image_id":0,"font":"","enabled":false},"version":2}},"product_brand":[],"product_cat":[57,93],"product_tag":[],"class_list":{"0":"post-29561","1":"product","2":"type-product","3":"status-publish","4":"has-post-thumbnail","6":"product_cat-prezentaciona-sredstva","7":"product_cat-pribor-za-table","9":"first","10":"instock","11":"shipping-taxable","12":"purchasable","13":"product-type-simple"},"jetpack_publicize_connections":[],"jetpack_sharing_enabled":true,"_links":{"self":[{"href":"https:\/\/noval.rs\/index.php?rest_route=\/wp\/v2\/product\/29561","targetHints":{"allow":["GET"]}}],"collection":[{"href":"https:\/\/noval.rs\/index.php?rest_route=\/wp\/v2\/product"}],"about":[{"href":"https:\/\/noval.rs\/index.php?rest_route=\/wp\/v2\/types\/product"}],"replies":[{"embeddable":true,"href":"https:\/\/noval.rs\/index.php?rest_route=%2Fwp%2Fv2%2Fcomments&post=29561"}],"version-history":[{"count":3,"href":"https:\/\/noval.rs\/index.php?rest_route=\/wp\/v2\/product\/29561\/revisions"}],"predecessor-version":[{"id":30592,"href":"https:\/\/noval.rs\/index.php?rest_route=\/wp\/v2\/product\/29561\/revisions\/30592"}],"wp:featuredmedia":[{"embeddable":true,"href":"https:\/\/noval.rs\/index.php?rest_route=\/wp\/v2\/media\/29562"}],"wp:attachment":[{"href":"https:\/\/noval.rs\/index.php?rest_route=%2Fwp%2Fv2%2Fmedia&parent=29561"}],"wp:term":[{"taxonomy":"product_brand","embeddable":true,"href":"https:\/\/noval.rs\/index.php?rest_route=%2Fwp%2Fv2%2Fproduct_brand&post=29561"},{"taxonomy":"product_cat","embeddable":true,"href":"https:\/\/noval.rs\/index.php?rest_route=%2Fwp%2Fv2%2Fproduct_cat&post=29561"},{"taxonomy":"product_tag","embeddable":true,"href":"https:\/\/noval.rs\/index.php?rest_route=%2Fwp%2Fv2%2Fproduct_tag&post=29561"}],"curies":[{"name":"wp","href":"https:\/\/api.w.org\/{rel}","templated":true}]}}