{"id":29303,"date":"2024-10-12T09:34:11","date_gmt":"2024-10-12T08:34:11","guid":{"rendered":"https:\/\/noval.rs\/?post_type=product&#038;p=29303"},"modified":"2024-11-07T23:41:27","modified_gmt":"2024-11-07T22:41:27","slug":"signir-8552-01-narandzasti-centropen","status":"publish","type":"product","link":"https:\/\/noval.rs\/?product=signir-8552-01-narandzasti-centropen","title":{"rendered":"SIGNIR 8552\/01 NARAND\u017dASTI CENTROPEN"},"content":{"rendered":"<ul>\n<li><span class=\"sku_wrapper\">\u0160ifra proizvoda: 5074<\/span><\/li>\n<li>Signir visokog kapaciteta<\/li>\n<li>Fluorescentno pigmentno mastilo<\/li>\n<li>Otpornost na UV zra\u010denje<\/li>\n<li>Za sve vrste papira<\/li>\n<li>Klinasti vrh<\/li>\n<li>\u0160irina traga pisanja 1-4.6mm<\/li>\n<\/ul>\n","protected":false},"excerpt":{"rendered":"<p>\u0160ifra proizvoda: 5074 Signir visokog kapaciteta Fluorescentno pigmentno mastilo Otpornost na UV zra\u010denje Za sve vrste papira Klinasti vrh \u0160irina<\/p>\n","protected":false},"featured_media":29304,"comment_status":"open","ping_status":"closed","template":"","meta":{"jetpack_post_was_ever_published":false,"jetpack_publicize_message":"","jetpack_publicize_feature_enabled":true,"jetpack_social_post_already_shared":false,"jetpack_social_options":{"image_generator_settings":{"template":"highway","default_image_id":0,"font":"","enabled":false},"version":2}},"product_brand":[],"product_cat":[115],"product_tag":[],"class_list":{"0":"post-29303","1":"product","2":"type-product","3":"status-publish","4":"has-post-thumbnail","6":"product_cat-signiri","8":"first","9":"instock","10":"shipping-taxable","11":"purchasable","12":"product-type-simple"},"jetpack_publicize_connections":[],"jetpack_sharing_enabled":true,"_links":{"self":[{"href":"https:\/\/noval.rs\/index.php?rest_route=\/wp\/v2\/product\/29303","targetHints":{"allow":["GET"]}}],"collection":[{"href":"https:\/\/noval.rs\/index.php?rest_route=\/wp\/v2\/product"}],"about":[{"href":"https:\/\/noval.rs\/index.php?rest_route=\/wp\/v2\/types\/product"}],"replies":[{"embeddable":true,"href":"https:\/\/noval.rs\/index.php?rest_route=%2Fwp%2Fv2%2Fcomments&post=29303"}],"version-history":[{"count":3,"href":"https:\/\/noval.rs\/index.php?rest_route=\/wp\/v2\/product\/29303\/revisions"}],"predecessor-version":[{"id":29664,"href":"https:\/\/noval.rs\/index.php?rest_route=\/wp\/v2\/product\/29303\/revisions\/29664"}],"wp:featuredmedia":[{"embeddable":true,"href":"https:\/\/noval.rs\/index.php?rest_route=\/wp\/v2\/media\/29304"}],"wp:attachment":[{"href":"https:\/\/noval.rs\/index.php?rest_route=%2Fwp%2Fv2%2Fmedia&parent=29303"}],"wp:term":[{"taxonomy":"product_brand","embeddable":true,"href":"https:\/\/noval.rs\/index.php?rest_route=%2Fwp%2Fv2%2Fproduct_brand&post=29303"},{"taxonomy":"product_cat","embeddable":true,"href":"https:\/\/noval.rs\/index.php?rest_route=%2Fwp%2Fv2%2Fproduct_cat&post=29303"},{"taxonomy":"product_tag","embeddable":true,"href":"https:\/\/noval.rs\/index.php?rest_route=%2Fwp%2Fv2%2Fproduct_tag&post=29303"}],"curies":[{"name":"wp","href":"https:\/\/api.w.org\/{rel}","templated":true}]}}