{"id":29244,"date":"2024-10-11T11:23:19","date_gmt":"2024-10-11T10:23:19","guid":{"rendered":"https:\/\/noval.rs\/?post_type=product&#038;p=29244"},"modified":"2024-11-07T23:46:08","modified_gmt":"2024-11-07T22:46:08","slug":"cd-marker-xsg-plavi","status":"publish","type":"product","link":"https:\/\/noval.rs\/?product=cd-marker-xsg-plavi","title":{"rendered":"CD MARKER XSG PLAVI X-140"},"content":{"rendered":"<ul>\n<li>\u0160ifra: 450010.2<\/li>\n<li>Dve debljine<\/li>\n<li>Trajno mastilo koje se brzo su\u0161i<\/li>\n<li>Pi\u0161e po metalu, staklu, foliji, plastici<\/li>\n<li>Netoksi\u010dan<\/li>\n<li>Dostupne boje : crna, plava, crvena i zelena<\/li>\n<\/ul>\n","protected":false},"excerpt":{"rendered":"<p>\u0160ifra: 450010.2 Dve debljine Trajno mastilo koje se brzo su\u0161i Pi\u0161e po metalu, staklu, foliji, plastici Netoksi\u010dan Dostupne boje :<\/p>\n","protected":false},"featured_media":29245,"comment_status":"open","ping_status":"closed","template":"","meta":{"jetpack_post_was_ever_published":false,"jetpack_publicize_message":"","jetpack_publicize_feature_enabled":true,"jetpack_social_post_already_shared":false,"jetpack_social_options":{"image_generator_settings":{"template":"highway","default_image_id":0,"font":"","enabled":false},"version":2}},"product_brand":[],"product_cat":[108],"product_tag":[],"class_list":{"0":"post-29244","1":"product","2":"type-product","3":"status-publish","4":"has-post-thumbnail","6":"product_cat-markeri","8":"first","9":"instock","10":"shipping-taxable","11":"purchasable","12":"product-type-simple"},"jetpack_publicize_connections":[],"jetpack_sharing_enabled":true,"_links":{"self":[{"href":"https:\/\/noval.rs\/index.php?rest_route=\/wp\/v2\/product\/29244","targetHints":{"allow":["GET"]}}],"collection":[{"href":"https:\/\/noval.rs\/index.php?rest_route=\/wp\/v2\/product"}],"about":[{"href":"https:\/\/noval.rs\/index.php?rest_route=\/wp\/v2\/types\/product"}],"replies":[{"embeddable":true,"href":"https:\/\/noval.rs\/index.php?rest_route=%2Fwp%2Fv2%2Fcomments&post=29244"}],"version-history":[{"count":5,"href":"https:\/\/noval.rs\/index.php?rest_route=\/wp\/v2\/product\/29244\/revisions"}],"predecessor-version":[{"id":29683,"href":"https:\/\/noval.rs\/index.php?rest_route=\/wp\/v2\/product\/29244\/revisions\/29683"}],"wp:featuredmedia":[{"embeddable":true,"href":"https:\/\/noval.rs\/index.php?rest_route=\/wp\/v2\/media\/29245"}],"wp:attachment":[{"href":"https:\/\/noval.rs\/index.php?rest_route=%2Fwp%2Fv2%2Fmedia&parent=29244"}],"wp:term":[{"taxonomy":"product_brand","embeddable":true,"href":"https:\/\/noval.rs\/index.php?rest_route=%2Fwp%2Fv2%2Fproduct_brand&post=29244"},{"taxonomy":"product_cat","embeddable":true,"href":"https:\/\/noval.rs\/index.php?rest_route=%2Fwp%2Fv2%2Fproduct_cat&post=29244"},{"taxonomy":"product_tag","embeddable":true,"href":"https:\/\/noval.rs\/index.php?rest_route=%2Fwp%2Fv2%2Fproduct_tag&post=29244"}],"curies":[{"name":"wp","href":"https:\/\/api.w.org\/{rel}","templated":true}]}}