{"id":28896,"date":"2024-08-14T15:55:56","date_gmt":"2024-08-14T15:55:56","guid":{"rendered":"https:\/\/noval.rs\/?post_type=product&#038;p=28896"},"modified":"2024-11-10T17:03:20","modified_gmt":"2024-11-10T16:03:20","slug":"tempera-red-apple-25ml-1-10","status":"publish","type":"product","link":"https:\/\/noval.rs\/?product=tempera-red-apple-25ml-1-10","title":{"rendered":"TEMPERA RED APPLE 25ML 1\/10"},"content":{"rendered":"<ul>\n<li><strong>\u0160ifra: 11283<\/strong><\/li>\n<li><strong>Tempere u \u010da\u0161ici 25 ml<\/strong><\/li>\n<li><strong>10 boja<\/strong><\/li>\n<li><strong>intenzivne boje<\/strong><\/li>\n<li><strong>netoksi\u010dne<\/strong><\/li>\n<li><strong>Uvoznik: NOVAL OFFICE<\/strong><\/li>\n<\/ul>\n","protected":false},"excerpt":{"rendered":"<p>\u0160ifra: 11283 Tempere u \u010da\u0161ici 25 ml 10 boja intenzivne boje netoksi\u010dne Uvoznik: NOVAL OFFICE<\/p>\n","protected":false},"featured_media":28895,"comment_status":"open","ping_status":"closed","template":"","meta":{"jetpack_post_was_ever_published":false,"jetpack_publicize_message":"","jetpack_publicize_feature_enabled":true,"jetpack_social_post_already_shared":true,"jetpack_social_options":{"image_generator_settings":{"template":"highway","default_image_id":0,"font":"","enabled":false},"version":2}},"product_brand":[],"product_cat":[245],"product_tag":[],"class_list":{"0":"post-28896","1":"product","2":"type-product","3":"status-publish","4":"has-post-thumbnail","6":"product_cat-tempere","8":"first","9":"instock","10":"shipping-taxable","11":"purchasable","12":"product-type-simple"},"jetpack_publicize_connections":[],"jetpack_sharing_enabled":true,"_links":{"self":[{"href":"https:\/\/noval.rs\/index.php?rest_route=\/wp\/v2\/product\/28896","targetHints":{"allow":["GET"]}}],"collection":[{"href":"https:\/\/noval.rs\/index.php?rest_route=\/wp\/v2\/product"}],"about":[{"href":"https:\/\/noval.rs\/index.php?rest_route=\/wp\/v2\/types\/product"}],"replies":[{"embeddable":true,"href":"https:\/\/noval.rs\/index.php?rest_route=%2Fwp%2Fv2%2Fcomments&post=28896"}],"version-history":[{"count":5,"href":"https:\/\/noval.rs\/index.php?rest_route=\/wp\/v2\/product\/28896\/revisions"}],"predecessor-version":[{"id":29973,"href":"https:\/\/noval.rs\/index.php?rest_route=\/wp\/v2\/product\/28896\/revisions\/29973"}],"wp:featuredmedia":[{"embeddable":true,"href":"https:\/\/noval.rs\/index.php?rest_route=\/wp\/v2\/media\/28895"}],"wp:attachment":[{"href":"https:\/\/noval.rs\/index.php?rest_route=%2Fwp%2Fv2%2Fmedia&parent=28896"}],"wp:term":[{"taxonomy":"product_brand","embeddable":true,"href":"https:\/\/noval.rs\/index.php?rest_route=%2Fwp%2Fv2%2Fproduct_brand&post=28896"},{"taxonomy":"product_cat","embeddable":true,"href":"https:\/\/noval.rs\/index.php?rest_route=%2Fwp%2Fv2%2Fproduct_cat&post=28896"},{"taxonomy":"product_tag","embeddable":true,"href":"https:\/\/noval.rs\/index.php?rest_route=%2Fwp%2Fv2%2Fproduct_tag&post=28896"}],"curies":[{"name":"wp","href":"https:\/\/api.w.org\/{rel}","templated":true}]}}