{"id":552,"date":"2019-06-17T08:41:51","date_gmt":"2019-06-17T08:41:51","guid":{"rendered":"http:\/\/poor-salmon.w5.wpsandbox.pro\/?page_id=6"},"modified":"2026-03-28T13:42:01","modified_gmt":"2026-03-28T12:42:01","slug":"about","status":"publish","type":"page","link":"https:\/\/noval.rs\/?page_id=552","title":{"rendered":"About"},"content":{"rendered":"<h2>O nama<\/h2>\n<p><span style=\"font-size: revert;\"><strong>\u201eNOVAL OFFICE\u201c<\/strong> je doma\u0107a firma osnovana sredinom 2020. godine. Bavimo se uvozom i veleprodajom \u0161kolskog, kancelarijskog i reklamnog materijala.<\/span><\/p>\n<p>Sopstveni uvoz nam pru\u017ea mogu\u0107nost da na\u0161im kupcima ponudimo kvalitetne artikle i najpovoljnije cene.<\/p>\n<p>Kontinuiranim usavr\u0161avanjem na\u0161eg poslovanja, kreirali smo vlastiti premium brend pod imenom <strong>\u201eNOVAL\u201c (NOVAL office brand)<\/strong> koji sve vi\u0161e predstavlja sinonim za superiorni kvalitet kod na\u0161ih poslovnih partnera. Imamo dugogodi\u0161nju saradnju sa doma\u0107im i inostranim proizvodja\u010dima i distributerima, uspe\u0161no snabdevamo brojne dru\u0161tvene ustanove i privatna preduze\u0107a kompletnim kancelarijskim materijalom. U me\u0111uvremenu smo pove\u0107ali kapacitete magacinskog prostora, konstantno \u0161irimo asortiman uno\u0161enjem novina, pratimo najnovije trendove i imamo velike planove za ubudu\u0107e poslovanje.<\/p>\n<p><img loading=\"lazy\" decoding=\"async\" src=\"https:\/\/noval.rs\/wp-content\/uploads\/2024\/06\/Untitled-design2.png\" sizes=\"auto, (max-width: 565px) 100vw, 565px\" srcset=\"https:\/\/noval.rs\/wp-content\/uploads\/2024\/06\/Untitled-design2.png 565w, https:\/\/noval.rs\/wp-content\/uploads\/2024\/06\/Untitled-design2-310x300.png 310w, https:\/\/noval.rs\/wp-content\/uploads\/2024\/06\/Untitled-design2-430x416.png 430w, https:\/\/noval.rs\/wp-content\/uploads\/2024\/06\/Untitled-design2-150x145.png 150w\" alt=\"\" width=\"565\" height=\"546\" title=\"\"><\/p>\n<h2>Na\u0161a misija i vizija<\/h2>\n<p><strong>Na\u0161a misija i vizija je da uspostavimo partnerske odnose na tr\u017ei\u0161tu uz dobar kvalitet, cenu i vrhunsku uslugu.\u00a0<\/strong><\/p>\n<h2>Briga o prirodi i dru\u0161tvena odgovornost<\/h2>\n<p>Kompanija <strong>\u201eNOVAL OFFICE\u201c<\/strong> trguje isklju\u010divo artiklima koji su proizvedeni iz prethodno sertifikovanih izvora.<\/p>\n<p><img loading=\"lazy\" decoding=\"async\" src=\"https:\/\/noval.rs\/wp-content\/uploads\/2024\/06\/eco-f-e1719232779308-804x800.jpg\" sizes=\"auto, (max-width: 804px) 100vw, 804px\" srcset=\"https:\/\/noval.rs\/wp-content\/uploads\/2024\/06\/eco-f-e1719232779308-804x800.jpg 804w, https:\/\/noval.rs\/wp-content\/uploads\/2024\/06\/eco-f-e1719232779308-302x300.jpg 302w, https:\/\/noval.rs\/wp-content\/uploads\/2024\/06\/eco-f-e1719232779308-150x149.jpg 150w, https:\/\/noval.rs\/wp-content\/uploads\/2024\/06\/eco-f-e1719232779308-768x764.jpg 768w, https:\/\/noval.rs\/wp-content\/uploads\/2024\/06\/eco-f-e1719232779308-430x428.jpg 430w, https:\/\/noval.rs\/wp-content\/uploads\/2024\/06\/eco-f-e1719232779308-700x697.jpg 700w, https:\/\/noval.rs\/wp-content\/uploads\/2024\/06\/eco-f-e1719232779308.jpg 1000w\" alt=\"\" width=\"804\" height=\"800\" title=\"\"><\/p>\n<h2>Zaposleni<\/h2>\n<p><b>Zaposleni <\/b>su na\u0161 najva\u017eniji resurs. Zaposleni su klju\u010dna vrednost u koju ula\u017eemo pre svega pa\u017enju, a zatim i novac. Negujemo kompanijsku kulturu zajedni\u0161tva i timski duh uz konstantnu edukaciju, kako u firmi, tako i na sajmovima i razli\u010ditim stru\u010dnim skupovima.<\/p>\n\n\n<p><\/p>\n","protected":false},"excerpt":{"rendered":"<p>O nama \u201eNOVAL OFFICE\u201c je doma\u0107a firma osnovana sredinom 2020. godine. Bavimo se uvozom i veleprodajom \u0161kolskog, kancelarijskog i reklamnog<\/p>\n","protected":false},"author":2,"featured_media":0,"parent":0,"menu_order":0,"comment_status":"closed","ping_status":"closed","template":"","meta":{"jetpack_post_was_ever_published":false,"footnotes":""},"class_list":["post-552","page","type-page","status-publish","hentry"],"jetpack_sharing_enabled":true,"_links":{"self":[{"href":"https:\/\/noval.rs\/index.php?rest_route=\/wp\/v2\/pages\/552","targetHints":{"allow":["GET"]}}],"collection":[{"href":"https:\/\/noval.rs\/index.php?rest_route=\/wp\/v2\/pages"}],"about":[{"href":"https:\/\/noval.rs\/index.php?rest_route=\/wp\/v2\/types\/page"}],"author":[{"embeddable":true,"href":"https:\/\/noval.rs\/index.php?rest_route=\/wp\/v2\/users\/2"}],"replies":[{"embeddable":true,"href":"https:\/\/noval.rs\/index.php?rest_route=%2Fwp%2Fv2%2Fcomments&post=552"}],"version-history":[{"count":130,"href":"https:\/\/noval.rs\/index.php?rest_route=\/wp\/v2\/pages\/552\/revisions"}],"predecessor-version":[{"id":32117,"href":"https:\/\/noval.rs\/index.php?rest_route=\/wp\/v2\/pages\/552\/revisions\/32117"}],"wp:attachment":[{"href":"https:\/\/noval.rs\/index.php?rest_route=%2Fwp%2Fv2%2Fmedia&parent=552"}],"curies":[{"name":"wp","href":"https:\/\/api.w.org\/{rel}","templated":true}]}}